{"id":982,"date":"2024-09-24T11:18:20","date_gmt":"2024-09-24T09:18:20","guid":{"rendered":"http:\/\/chatshutants.ovh\/?page_id=982"},"modified":"2024-09-24T11:43:14","modified_gmt":"2024-09-24T09:43:14","slug":"sarah-bernhardt-est-revenue-pour-la-fete-du-pain-pas-cher","status":"publish","type":"page","link":"https:\/\/chatshutants.ovh\/?page_id=982","title":{"rendered":"Sarah Bernhardt est revenue pour la F\u00eate du pain pas cher!"},"content":{"rendered":"\t\t<div data-elementor-type=\"wp-page\" data-elementor-id=\"982\" class=\"elementor elementor-982\">\n\t\t\t\t\t\t\t\t\t<section class=\"elementor-section elementor-top-section elementor-element elementor-element-8bc2093 elementor-section-boxed elementor-section-height-default elementor-section-height-default\" data-id=\"8bc2093\" data-element_type=\"section\">\n\t\t\t\t\t\t<div class=\"elementor-container elementor-column-gap-default\">\n\t\t\t\t\t<div class=\"elementor-column elementor-col-100 elementor-top-column elementor-element elementor-element-2f41d7a\" data-id=\"2f41d7a\" data-element_type=\"column\">\n\t\t\t<div class=\"elementor-widget-wrap elementor-element-populated\">\n\t\t\t\t\t\t\t\t<div class=\"elementor-element elementor-element-3c9bee3 elementor-widget elementor-widget-image\" data-id=\"3c9bee3\" data-element_type=\"widget\" data-widget_type=\"image.default\">\n\t\t\t\t<div class=\"elementor-widget-container\">\n\t\t\t<style>\/*! elementor - v3.16.0 - 17-10-2023 *\/\n.elementor-widget-image{text-align:center}.elementor-widget-image a{display:inline-block}.elementor-widget-image a img[src$=\".svg\"]{width:48px}.elementor-widget-image img{vertical-align:middle;display:inline-block}<\/style>\t\t\t\t\t\t\t\t\t\t\t\t<img loading=\"lazy\" decoding=\"async\" width=\"525\" height=\"350\" src=\"https:\/\/chatshutants.ovh\/wp-content\/uploads\/2024\/09\/Pain-pas-cher24-1024x683.jpg\" class=\"attachment-large size-large wp-image-983\" alt=\"\" srcset=\"https:\/\/chatshutants.ovh\/wp-content\/uploads\/2024\/09\/Pain-pas-cher24-1024x683.jpg 1024w, https:\/\/chatshutants.ovh\/wp-content\/uploads\/2024\/09\/Pain-pas-cher24-300x200.jpg 300w, https:\/\/chatshutants.ovh\/wp-content\/uploads\/2024\/09\/Pain-pas-cher24-768x512.jpg 768w, https:\/\/chatshutants.ovh\/wp-content\/uploads\/2024\/09\/Pain-pas-cher24-1536x1024.jpg 1536w, https:\/\/chatshutants.ovh\/wp-content\/uploads\/2024\/09\/Pain-pas-cher24-2048x1365.jpg 2048w\" sizes=\"auto, 100vw\" \/>\t\t\t\t\t\t\t\t\t\t\t\t\t\t\t<\/div>\n\t\t\t\t<\/div>\n\t\t\t\t\t<\/div>\n\t\t<\/div>\n\t\t\t\t\t\t\t<\/div>\n\t\t<\/section>\n\t\t\t\t<section class=\"elementor-section elementor-top-section elementor-element elementor-element-31904cc elementor-section-boxed elementor-section-height-default elementor-section-height-default\" data-id=\"31904cc\" data-element_type=\"section\">\n\t\t\t\t\t\t<div class=\"elementor-container elementor-column-gap-default\">\n\t\t\t\t\t<div class=\"elementor-column elementor-col-50 elementor-top-column elementor-element elementor-element-8d150c8\" data-id=\"8d150c8\" data-element_type=\"column\">\n\t\t\t<div class=\"elementor-widget-wrap elementor-element-populated\">\n\t\t\t\t\t\t\t\t<div class=\"elementor-element elementor-element-98d658a elementor-widget elementor-widget-image\" data-id=\"98d658a\" data-element_type=\"widget\" data-widget_type=\"image.default\">\n\t\t\t\t<div class=\"elementor-widget-container\">\n\t\t\t\t\t\t\t\t\t\t\t\t\t\t\t<img loading=\"lazy\" decoding=\"async\" width=\"525\" height=\"350\" src=\"https:\/\/chatshutants.ovh\/wp-content\/uploads\/2024\/09\/Pain-pas-cher08-1024x683.jpg\" class=\"attachment-large size-large wp-image-986\" alt=\"\" srcset=\"https:\/\/chatshutants.ovh\/wp-content\/uploads\/2024\/09\/Pain-pas-cher08-1024x683.jpg 1024w, https:\/\/chatshutants.ovh\/wp-content\/uploads\/2024\/09\/Pain-pas-cher08-300x200.jpg 300w, https:\/\/chatshutants.ovh\/wp-content\/uploads\/2024\/09\/Pain-pas-cher08-768x512.jpg 768w, https:\/\/chatshutants.ovh\/wp-content\/uploads\/2024\/09\/Pain-pas-cher08-1536x1024.jpg 1536w, https:\/\/chatshutants.ovh\/wp-content\/uploads\/2024\/09\/Pain-pas-cher08-2048x1365.jpg 2048w\" sizes=\"auto, 100vw\" \/>\t\t\t\t\t\t\t\t\t\t\t\t\t\t\t<\/div>\n\t\t\t\t<\/div>\n\t\t\t\t\t<\/div>\n\t\t<\/div>\n\t\t\t\t<div class=\"elementor-column elementor-col-50 elementor-top-column elementor-element elementor-element-2a57bd0\" data-id=\"2a57bd0\" data-element_type=\"column\">\n\t\t\t<div class=\"elementor-widget-wrap elementor-element-populated\">\n\t\t\t\t\t\t\t\t<div class=\"elementor-element elementor-element-c55a235 elementor-widget elementor-widget-image\" data-id=\"c55a235\" data-element_type=\"widget\" data-widget_type=\"image.default\">\n\t\t\t\t<div class=\"elementor-widget-container\">\n\t\t\t\t\t\t\t\t\t\t\t\t\t\t\t<img loading=\"lazy\" decoding=\"async\" width=\"525\" height=\"350\" src=\"https:\/\/chatshutants.ovh\/wp-content\/uploads\/2024\/09\/Pain-pas-cher12-1024x683.jpg\" class=\"attachment-large size-large wp-image-988\" alt=\"\" srcset=\"https:\/\/chatshutants.ovh\/wp-content\/uploads\/2024\/09\/Pain-pas-cher12-1024x683.jpg 1024w, https:\/\/chatshutants.ovh\/wp-content\/uploads\/2024\/09\/Pain-pas-cher12-300x200.jpg 300w, https:\/\/chatshutants.ovh\/wp-content\/uploads\/2024\/09\/Pain-pas-cher12-768x512.jpg 768w, https:\/\/chatshutants.ovh\/wp-content\/uploads\/2024\/09\/Pain-pas-cher12-1536x1024.jpg 1536w, https:\/\/chatshutants.ovh\/wp-content\/uploads\/2024\/09\/Pain-pas-cher12-2048x1365.jpg 2048w\" sizes=\"auto, 100vw\" \/>\t\t\t\t\t\t\t\t\t\t\t\t\t\t\t<\/div>\n\t\t\t\t<\/div>\n\t\t\t\t\t<\/div>\n\t\t<\/div>\n\t\t\t\t\t\t\t<\/div>\n\t\t<\/section>\n\t\t\t\t<section class=\"elementor-section elementor-top-section elementor-element elementor-element-0d35ff5 elementor-section-boxed elementor-section-height-default elementor-section-height-default\" data-id=\"0d35ff5\" data-element_type=\"section\">\n\t\t\t\t\t\t<div class=\"elementor-container elementor-column-gap-default\">\n\t\t\t\t\t<div class=\"elementor-column elementor-col-50 elementor-top-column elementor-element elementor-element-d4919a4\" data-id=\"d4919a4\" data-element_type=\"column\">\n\t\t\t<div class=\"elementor-widget-wrap elementor-element-populated\">\n\t\t\t\t\t\t\t\t<div class=\"elementor-element elementor-element-51938a2 elementor-widget elementor-widget-image\" data-id=\"51938a2\" data-element_type=\"widget\" data-widget_type=\"image.default\">\n\t\t\t\t<div class=\"elementor-widget-container\">\n\t\t\t\t\t\t\t\t\t\t\t\t\t\t\t<img loading=\"lazy\" decoding=\"async\" width=\"525\" height=\"350\" src=\"https:\/\/chatshutants.ovh\/wp-content\/uploads\/2024\/09\/Pain-pas-cher20-1024x683.jpg\" class=\"attachment-large size-large wp-image-985\" alt=\"\" srcset=\"https:\/\/chatshutants.ovh\/wp-content\/uploads\/2024\/09\/Pain-pas-cher20-1024x683.jpg 1024w, https:\/\/chatshutants.ovh\/wp-content\/uploads\/2024\/09\/Pain-pas-cher20-300x200.jpg 300w, https:\/\/chatshutants.ovh\/wp-content\/uploads\/2024\/09\/Pain-pas-cher20-768x512.jpg 768w, https:\/\/chatshutants.ovh\/wp-content\/uploads\/2024\/09\/Pain-pas-cher20-1536x1024.jpg 1536w, https:\/\/chatshutants.ovh\/wp-content\/uploads\/2024\/09\/Pain-pas-cher20-2048x1365.jpg 2048w\" sizes=\"auto, 100vw\" \/>\t\t\t\t\t\t\t\t\t\t\t\t\t\t\t<\/div>\n\t\t\t\t<\/div>\n\t\t\t\t\t<\/div>\n\t\t<\/div>\n\t\t\t\t<div class=\"elementor-column elementor-col-50 elementor-top-column elementor-element elementor-element-885ca76\" data-id=\"885ca76\" data-element_type=\"column\">\n\t\t\t<div class=\"elementor-widget-wrap elementor-element-populated\">\n\t\t\t\t\t\t\t\t<div class=\"elementor-element elementor-element-a97ac93 elementor-widget elementor-widget-image\" data-id=\"a97ac93\" data-element_type=\"widget\" data-widget_type=\"image.default\">\n\t\t\t\t<div class=\"elementor-widget-container\">\n\t\t\t\t\t\t\t\t\t\t\t\t\t\t\t<img loading=\"lazy\" decoding=\"async\" width=\"525\" height=\"350\" src=\"https:\/\/chatshutants.ovh\/wp-content\/uploads\/2024\/09\/Pain-pas-cher24-1024x683.jpg\" class=\"attachment-large size-large wp-image-983\" alt=\"\" srcset=\"https:\/\/chatshutants.ovh\/wp-content\/uploads\/2024\/09\/Pain-pas-cher24-1024x683.jpg 1024w, https:\/\/chatshutants.ovh\/wp-content\/uploads\/2024\/09\/Pain-pas-cher24-300x200.jpg 300w, https:\/\/chatshutants.ovh\/wp-content\/uploads\/2024\/09\/Pain-pas-cher24-768x512.jpg 768w, https:\/\/chatshutants.ovh\/wp-content\/uploads\/2024\/09\/Pain-pas-cher24-1536x1024.jpg 1536w, https:\/\/chatshutants.ovh\/wp-content\/uploads\/2024\/09\/Pain-pas-cher24-2048x1365.jpg 2048w\" sizes=\"auto, 100vw\" \/>\t\t\t\t\t\t\t\t\t\t\t\t\t\t\t<\/div>\n\t\t\t\t<\/div>\n\t\t\t\t\t<\/div>\n\t\t<\/div>\n\t\t\t\t\t\t\t<\/div>\n\t\t<\/section>\n\t\t\t\t<section class=\"elementor-section elementor-top-section elementor-element elementor-element-f37dc34 elementor-section-boxed elementor-section-height-default elementor-section-height-default\" data-id=\"f37dc34\" data-element_type=\"section\">\n\t\t\t\t\t\t<div class=\"elementor-container elementor-column-gap-default\">\n\t\t\t\t\t<div class=\"elementor-column elementor-col-50 elementor-top-column elementor-element elementor-element-67746f6\" data-id=\"67746f6\" data-element_type=\"column\">\n\t\t\t<div class=\"elementor-widget-wrap elementor-element-populated\">\n\t\t\t\t\t\t\t\t<div class=\"elementor-element elementor-element-aaa4ee3 elementor-widget elementor-widget-image\" data-id=\"aaa4ee3\" data-element_type=\"widget\" data-widget_type=\"image.default\">\n\t\t\t\t<div class=\"elementor-widget-container\">\n\t\t\t\t\t\t\t\t\t\t\t\t\t\t\t<img loading=\"lazy\" decoding=\"async\" width=\"525\" height=\"350\" src=\"https:\/\/chatshutants.ovh\/wp-content\/uploads\/2024\/09\/Pain-pas-cher27-1024x683.jpg\" class=\"attachment-large size-large wp-image-989\" alt=\"\" srcset=\"https:\/\/chatshutants.ovh\/wp-content\/uploads\/2024\/09\/Pain-pas-cher27-1024x683.jpg 1024w, https:\/\/chatshutants.ovh\/wp-content\/uploads\/2024\/09\/Pain-pas-cher27-300x200.jpg 300w, https:\/\/chatshutants.ovh\/wp-content\/uploads\/2024\/09\/Pain-pas-cher27-768x512.jpg 768w, https:\/\/chatshutants.ovh\/wp-content\/uploads\/2024\/09\/Pain-pas-cher27-1536x1024.jpg 1536w, https:\/\/chatshutants.ovh\/wp-content\/uploads\/2024\/09\/Pain-pas-cher27-2048x1365.jpg 2048w\" sizes=\"auto, 100vw\" \/>\t\t\t\t\t\t\t\t\t\t\t\t\t\t\t<\/div>\n\t\t\t\t<\/div>\n\t\t\t\t\t<\/div>\n\t\t<\/div>\n\t\t\t\t<div class=\"elementor-column elementor-col-50 elementor-top-column elementor-element elementor-element-07c687d\" data-id=\"07c687d\" data-element_type=\"column\">\n\t\t\t<div class=\"elementor-widget-wrap elementor-element-populated\">\n\t\t\t\t\t\t\t\t<div class=\"elementor-element elementor-element-f1308b2 elementor-widget elementor-widget-image\" data-id=\"f1308b2\" data-element_type=\"widget\" data-widget_type=\"image.default\">\n\t\t\t\t<div class=\"elementor-widget-container\">\n\t\t\t\t\t\t\t\t\t\t\t\t\t\t\t<img loading=\"lazy\" decoding=\"async\" width=\"525\" height=\"322\" src=\"https:\/\/chatshutants.ovh\/wp-content\/uploads\/2024\/09\/Pain-pas-cher-02-1024x629.jpg\" class=\"attachment-large size-large wp-image-984\" alt=\"\" srcset=\"https:\/\/chatshutants.ovh\/wp-content\/uploads\/2024\/09\/Pain-pas-cher-02-1024x629.jpg 1024w, https:\/\/chatshutants.ovh\/wp-content\/uploads\/2024\/09\/Pain-pas-cher-02-300x184.jpg 300w, https:\/\/chatshutants.ovh\/wp-content\/uploads\/2024\/09\/Pain-pas-cher-02-768x472.jpg 768w, https:\/\/chatshutants.ovh\/wp-content\/uploads\/2024\/09\/Pain-pas-cher-02-1536x943.jpg 1536w, https:\/\/chatshutants.ovh\/wp-content\/uploads\/2024\/09\/Pain-pas-cher-02-2048x1257.jpg 2048w\" sizes=\"auto, 100vw\" \/>\t\t\t\t\t\t\t\t\t\t\t\t\t\t\t<\/div>\n\t\t\t\t<\/div>\n\t\t\t\t\t<\/div>\n\t\t<\/div>\n\t\t\t\t\t\t\t<\/div>\n\t\t<\/section>\n\t\t\t\t<section class=\"elementor-section elementor-top-section elementor-element elementor-element-57b3878 elementor-section-boxed elementor-section-height-default elementor-section-height-default\" data-id=\"57b3878\" data-element_type=\"section\">\n\t\t\t\t\t\t<div class=\"elementor-container elementor-column-gap-default\">\n\t\t\t\t\t<div class=\"elementor-column elementor-col-100 elementor-top-column elementor-element elementor-element-fd77b0d\" data-id=\"fd77b0d\" data-element_type=\"column\">\n\t\t\t<div class=\"elementor-widget-wrap elementor-element-populated\">\n\t\t\t\t\t\t\t\t<div class=\"elementor-element elementor-element-013e762 elementor-widget elementor-widget-heading\" data-id=\"013e762\" data-element_type=\"widget\" data-widget_type=\"heading.default\">\n\t\t\t\t<div class=\"elementor-widget-container\">\n\t\t\t<style>\/*! elementor - v3.16.0 - 17-10-2023 *\/\n.elementor-heading-title{padding:0;margin:0;line-height:1}.elementor-widget-heading .elementor-heading-title[class*=elementor-size-]>a{color:inherit;font-size:inherit;line-height:inherit}.elementor-widget-heading .elementor-heading-title.elementor-size-small{font-size:15px}.elementor-widget-heading .elementor-heading-title.elementor-size-medium{font-size:19px}.elementor-widget-heading .elementor-heading-title.elementor-size-large{font-size:29px}.elementor-widget-heading .elementor-heading-title.elementor-size-xl{font-size:39px}.elementor-widget-heading .elementor-heading-title.elementor-size-xxl{font-size:59px}<\/style><h1 class=\"elementor-heading-title elementor-size-medium\"><br>Durant l'hiver 1911, une terrible temp\u00eate a s\u00e9vi sur Belle Ile en Mer et Sarah Bernhardt a contribu\u00e9 \u00e0 la cr\u00e9ation de la boulangerie coop\u00e9rative du pain d'hiver pour les p\u00eacheurs et autres travailleurs en organisant un gala de bienfaisance dans son th\u00e9\u00e2tre \u00e0 Paris. <br><br>La Mairie de Palais a organis\u00e9 une f\u00eate le 15 septembre 2024 pour rappeler cet \u00e9v\u00e8nement et la troupe des Chats Hutants  a particip\u00e9 en pr\u00e9sentant une animation autour de ce th\u00e8me. <br><\/h1>\t\t<\/div>\n\t\t\t\t<\/div>\n\t\t\t\t\t<\/div>\n\t\t<\/div>\n\t\t\t\t\t\t\t<\/div>\n\t\t<\/section>\n\t\t\t\t\t\t\t<\/div>\n\t\t","protected":false},"excerpt":{"rendered":"<p>Durant l&#8217;hiver 1911, une terrible temp\u00eate a s\u00e9vi sur Belle Ile en Mer et Sarah Bernhardt a contribu\u00e9 \u00e0 la cr\u00e9ation de la boulangerie coop\u00e9rative du pain d&#8217;hiver pour les p\u00eacheurs et autres travailleurs en organisant un gala de bienfaisance dans son th\u00e9\u00e2tre \u00e0 Paris. La Mairie de Palais a organis\u00e9 une f\u00eate le 15 &hellip; <\/p>\n<p class=\"link-more\"><a href=\"https:\/\/chatshutants.ovh\/?page_id=982\" class=\"more-link\">Continue reading<span class=\"screen-reader-text\"> &#8220;Sarah Bernhardt est revenue pour la F\u00eate du pain pas cher!&#8221;<\/span><\/a><\/p>\n","protected":false},"author":1,"featured_media":0,"parent":0,"menu_order":0,"comment_status":"closed","ping_status":"closed","template":"","meta":{"footnotes":""},"class_list":["post-982","page","type-page","status-publish","hentry"],"_links":{"self":[{"href":"https:\/\/chatshutants.ovh\/index.php?rest_route=\/wp\/v2\/pages\/982","targetHints":{"allow":["GET"]}}],"collection":[{"href":"https:\/\/chatshutants.ovh\/index.php?rest_route=\/wp\/v2\/pages"}],"about":[{"href":"https:\/\/chatshutants.ovh\/index.php?rest_route=\/wp\/v2\/types\/page"}],"author":[{"embeddable":true,"href":"https:\/\/chatshutants.ovh\/index.php?rest_route=\/wp\/v2\/users\/1"}],"replies":[{"embeddable":true,"href":"https:\/\/chatshutants.ovh\/index.php?rest_route=%2Fwp%2Fv2%2Fcomments&post=982"}],"version-history":[{"count":3,"href":"https:\/\/chatshutants.ovh\/index.php?rest_route=\/wp\/v2\/pages\/982\/revisions"}],"predecessor-version":[{"id":993,"href":"https:\/\/chatshutants.ovh\/index.php?rest_route=\/wp\/v2\/pages\/982\/revisions\/993"}],"wp:attachment":[{"href":"https:\/\/chatshutants.ovh\/index.php?rest_route=%2Fwp%2Fv2%2Fmedia&parent=982"}],"curies":[{"name":"wp","href":"https:\/\/api.w.org\/{rel}","templated":true}]}}