{"id":872,"date":"2024-03-18T19:37:05","date_gmt":"2024-03-18T18:37:05","guid":{"rendered":"http:\/\/chatshutants.ovh\/?page_id=872"},"modified":"2024-03-18T19:49:04","modified_gmt":"2024-03-18T18:49:04","slug":"printemps-des-arts-et-de-la-nature","status":"publish","type":"page","link":"https:\/\/chatshutants.ovh\/?page_id=872","title":{"rendered":"PRINTEMPS DES ARTS ET DE LA NATURE"},"content":{"rendered":"\t\t<div data-elementor-type=\"wp-page\" data-elementor-id=\"872\" class=\"elementor elementor-872\">\n\t\t\t\t\t\t\t\t\t<section class=\"elementor-section elementor-top-section elementor-element elementor-element-5ff9ceb4 elementor-section-boxed elementor-section-height-default elementor-section-height-default\" data-id=\"5ff9ceb4\" data-element_type=\"section\">\n\t\t\t\t\t\t<div class=\"elementor-container elementor-column-gap-default\">\n\t\t\t\t\t<div class=\"elementor-column elementor-col-100 elementor-top-column elementor-element elementor-element-368f2106\" data-id=\"368f2106\" data-element_type=\"column\">\n\t\t\t<div class=\"elementor-widget-wrap elementor-element-populated\">\n\t\t\t\t\t\t\t\t<div class=\"elementor-element elementor-element-28abb271 elementor-widget elementor-widget-text-editor\" data-id=\"28abb271\" data-element_type=\"widget\" data-widget_type=\"text-editor.default\">\n\t\t\t\t<div class=\"elementor-widget-container\">\n\t\t\t<style>\/*! elementor - v3.16.0 - 17-10-2023 *\/\n.elementor-widget-text-editor.elementor-drop-cap-view-stacked .elementor-drop-cap{background-color:#69727d;color:#fff}.elementor-widget-text-editor.elementor-drop-cap-view-framed .elementor-drop-cap{color:#69727d;border:3px solid;background-color:transparent}.elementor-widget-text-editor:not(.elementor-drop-cap-view-default) .elementor-drop-cap{margin-top:8px}.elementor-widget-text-editor:not(.elementor-drop-cap-view-default) .elementor-drop-cap-letter{width:1em;height:1em}.elementor-widget-text-editor .elementor-drop-cap{float:left;text-align:center;line-height:1;font-size:50px}.elementor-widget-text-editor .elementor-drop-cap-letter{display:inline-block}<\/style>\t\t\t\t<img loading=\"lazy\" decoding=\"async\" class=\"alignnone size-medium wp-image-807\" src=\"http:\/\/chatshutants.ovh\/wp-content\/uploads\/2023\/12\/C217A6ED-5C65-4346-A4BE-52CB96EE1AC7-210x300.png\" alt=\"\" width=\"210\" height=\"300\" srcset=\"https:\/\/chatshutants.ovh\/wp-content\/uploads\/2023\/12\/C217A6ED-5C65-4346-A4BE-52CB96EE1AC7-210x300.png 210w, https:\/\/chatshutants.ovh\/wp-content\/uploads\/2023\/12\/C217A6ED-5C65-4346-A4BE-52CB96EE1AC7-717x1024.png 717w, https:\/\/chatshutants.ovh\/wp-content\/uploads\/2023\/12\/C217A6ED-5C65-4346-A4BE-52CB96EE1AC7-768x1097.png 768w, https:\/\/chatshutants.ovh\/wp-content\/uploads\/2023\/12\/C217A6ED-5C65-4346-A4BE-52CB96EE1AC7.png 896w\" sizes=\"auto, (max-width: 210px) 100vw, 210px\" \/> <img loading=\"lazy\" decoding=\"async\" class=\"alignnone size-medium wp-image-806\" src=\"http:\/\/chatshutants.ovh\/wp-content\/uploads\/2023\/12\/F46E1ADF-11AD-4F8D-A410-93894EDF2C8C-211x300.png\" alt=\"\" width=\"211\" height=\"300\" srcset=\"https:\/\/chatshutants.ovh\/wp-content\/uploads\/2023\/12\/F46E1ADF-11AD-4F8D-A410-93894EDF2C8C-211x300.png 211w, https:\/\/chatshutants.ovh\/wp-content\/uploads\/2023\/12\/F46E1ADF-11AD-4F8D-A410-93894EDF2C8C-719x1024.png 719w, https:\/\/chatshutants.ovh\/wp-content\/uploads\/2023\/12\/F46E1ADF-11AD-4F8D-A410-93894EDF2C8C-768x1093.png 768w, https:\/\/chatshutants.ovh\/wp-content\/uploads\/2023\/12\/F46E1ADF-11AD-4F8D-A410-93894EDF2C8C.png 899w\" sizes=\"auto, (max-width: 211px) 100vw, 211px\" \/>\t\t\t\t\t\t<\/div>\n\t\t\t\t<\/div>\n\t\t\t\t\t<\/div>\n\t\t<\/div>\n\t\t\t\t\t\t\t<\/div>\n\t\t<\/section>\n\t\t\t\t<section class=\"elementor-section elementor-top-section elementor-element elementor-element-f9a11b2 elementor-section-boxed elementor-section-height-default elementor-section-height-default\" data-id=\"f9a11b2\" data-element_type=\"section\">\n\t\t\t\t\t\t<div class=\"elementor-container elementor-column-gap-default\">\n\t\t\t\t\t<div class=\"elementor-column elementor-col-100 elementor-top-column elementor-element elementor-element-652bdbb\" data-id=\"652bdbb\" data-element_type=\"column\">\n\t\t\t<div class=\"elementor-widget-wrap elementor-element-populated\">\n\t\t\t\t\t\t\t\t<div class=\"elementor-element elementor-element-e4a5487 elementor-widget elementor-widget-heading\" data-id=\"e4a5487\" data-element_type=\"widget\" data-widget_type=\"heading.default\">\n\t\t\t\t<div class=\"elementor-widget-container\">\n\t\t\t<style>\/*! elementor - v3.16.0 - 17-10-2023 *\/\n.elementor-heading-title{padding:0;margin:0;line-height:1}.elementor-widget-heading .elementor-heading-title[class*=elementor-size-]>a{color:inherit;font-size:inherit;line-height:inherit}.elementor-widget-heading .elementor-heading-title.elementor-size-small{font-size:15px}.elementor-widget-heading .elementor-heading-title.elementor-size-medium{font-size:19px}.elementor-widget-heading .elementor-heading-title.elementor-size-large{font-size:29px}.elementor-widget-heading .elementor-heading-title.elementor-size-xl{font-size:39px}.elementor-widget-heading .elementor-heading-title.elementor-size-xxl{font-size:59px}<\/style><h2 class=\"elementor-heading-title elementor-size-medium\">LES NOUVELLES DU PRINTEMPS <br>annoncent le d\u00e9but des ateliers de lectures th\u00e9\u00e2tralis\u00e9es \u00e0 Le Palais (\u00e9crites par Luc le Chat)<\/h2>\t\t<\/div>\n\t\t\t\t<\/div>\n\t\t\t\t\t<\/div>\n\t\t<\/div>\n\t\t\t\t\t\t\t<\/div>\n\t\t<\/section>\n\t\t\t\t<section class=\"elementor-section elementor-top-section elementor-element elementor-element-ac01364 elementor-section-boxed elementor-section-height-default elementor-section-height-default\" data-id=\"ac01364\" data-element_type=\"section\">\n\t\t\t\t\t\t<div class=\"elementor-container elementor-column-gap-default\">\n\t\t\t\t\t<div class=\"elementor-column elementor-col-50 elementor-top-column elementor-element elementor-element-b4396b5\" data-id=\"b4396b5\" data-element_type=\"column\">\n\t\t\t<div class=\"elementor-widget-wrap\">\n\t\t\t\t\t\t\t\t\t<\/div>\n\t\t<\/div>\n\t\t\t\t<div class=\"elementor-column elementor-col-50 elementor-top-column elementor-element elementor-element-d967655\" data-id=\"d967655\" data-element_type=\"column\">\n\t\t\t<div class=\"elementor-widget-wrap\">\n\t\t\t\t\t\t\t\t\t<\/div>\n\t\t<\/div>\n\t\t\t\t\t\t\t<\/div>\n\t\t<\/section>\n\t\t\t\t<section class=\"elementor-section elementor-top-section elementor-element elementor-element-2e93e20 elementor-section-boxed elementor-section-height-default elementor-section-height-default\" data-id=\"2e93e20\" data-element_type=\"section\">\n\t\t\t\t\t\t<div class=\"elementor-container elementor-column-gap-default\">\n\t\t\t\t\t<div class=\"elementor-column elementor-col-100 elementor-top-column elementor-element elementor-element-8e69c5f\" data-id=\"8e69c5f\" data-element_type=\"column\">\n\t\t\t<div class=\"elementor-widget-wrap elementor-element-populated\">\n\t\t\t\t\t\t\t\t<div class=\"elementor-element elementor-element-bbab1e8 elementor-widget elementor-widget-image\" data-id=\"bbab1e8\" data-element_type=\"widget\" data-widget_type=\"image.default\">\n\t\t\t\t<div class=\"elementor-widget-container\">\n\t\t\t<style>\/*! elementor - v3.16.0 - 17-10-2023 *\/\n.elementor-widget-image{text-align:center}.elementor-widget-image a{display:inline-block}.elementor-widget-image a img[src$=\".svg\"]{width:48px}.elementor-widget-image img{vertical-align:middle;display:inline-block}<\/style>\t\t\t\t\t\t\t\t\t\t\t\t<img loading=\"lazy\" decoding=\"async\" width=\"525\" height=\"371\" src=\"https:\/\/chatshutants.ovh\/wp-content\/uploads\/2024\/03\/AUX-BORDS-1024x724.png\" class=\"attachment-large size-large wp-image-880\" alt=\"\" srcset=\"https:\/\/chatshutants.ovh\/wp-content\/uploads\/2024\/03\/AUX-BORDS-1024x724.png 1024w, https:\/\/chatshutants.ovh\/wp-content\/uploads\/2024\/03\/AUX-BORDS-300x212.png 300w, https:\/\/chatshutants.ovh\/wp-content\/uploads\/2024\/03\/AUX-BORDS-768x543.png 768w, https:\/\/chatshutants.ovh\/wp-content\/uploads\/2024\/03\/AUX-BORDS-1536x1086.png 1536w, https:\/\/chatshutants.ovh\/wp-content\/uploads\/2024\/03\/AUX-BORDS.png 2000w\" sizes=\"auto, 100vw\" \/>\t\t\t\t\t\t\t\t\t\t\t\t\t\t\t<\/div>\n\t\t\t\t<\/div>\n\t\t\t\t\t<\/div>\n\t\t<\/div>\n\t\t\t\t\t\t\t<\/div>\n\t\t<\/section>\n\t\t\t\t<section class=\"elementor-section elementor-top-section elementor-element elementor-element-28adab4 elementor-section-boxed elementor-section-height-default elementor-section-height-default\" data-id=\"28adab4\" data-element_type=\"section\">\n\t\t\t\t\t\t<div class=\"elementor-container elementor-column-gap-default\">\n\t\t\t\t\t<div class=\"elementor-column elementor-col-100 elementor-top-column elementor-element elementor-element-b422944\" data-id=\"b422944\" data-element_type=\"column\">\n\t\t\t<div class=\"elementor-widget-wrap\">\n\t\t\t\t\t\t\t\t\t<\/div>\n\t\t<\/div>\n\t\t\t\t\t\t\t<\/div>\n\t\t<\/section>\n\t\t\t\t<section class=\"elementor-section elementor-top-section elementor-element elementor-element-5994bc2 elementor-section-boxed elementor-section-height-default elementor-section-height-default\" data-id=\"5994bc2\" data-element_type=\"section\">\n\t\t\t\t\t\t<div class=\"elementor-container elementor-column-gap-default\">\n\t\t\t\t\t<div class=\"elementor-column elementor-col-100 elementor-top-column elementor-element elementor-element-add4e08\" data-id=\"add4e08\" data-element_type=\"column\">\n\t\t\t<div class=\"elementor-widget-wrap elementor-element-populated\">\n\t\t\t\t\t\t\t\t<div class=\"elementor-element elementor-element-b2fdc96 elementor-widget elementor-widget-image\" data-id=\"b2fdc96\" data-element_type=\"widget\" data-widget_type=\"image.default\">\n\t\t\t\t<div class=\"elementor-widget-container\">\n\t\t\t\t\t\t\t\t\t\t\t\t\t\t\t<img loading=\"lazy\" decoding=\"async\" width=\"525\" height=\"743\" src=\"https:\/\/chatshutants.ovh\/wp-content\/uploads\/2024\/03\/Divague-724x1024.jpg\" class=\"attachment-large size-large wp-image-881\" alt=\"\" srcset=\"https:\/\/chatshutants.ovh\/wp-content\/uploads\/2024\/03\/Divague-724x1024.jpg 724w, https:\/\/chatshutants.ovh\/wp-content\/uploads\/2024\/03\/Divague-212x300.jpg 212w, https:\/\/chatshutants.ovh\/wp-content\/uploads\/2024\/03\/Divague-768x1086.jpg 768w, https:\/\/chatshutants.ovh\/wp-content\/uploads\/2024\/03\/Divague-1086x1536.jpg 1086w, https:\/\/chatshutants.ovh\/wp-content\/uploads\/2024\/03\/Divague-1448x2048.jpg 1448w, https:\/\/chatshutants.ovh\/wp-content\/uploads\/2024\/03\/Divague.jpg 1587w\" sizes=\"auto, 100vw\" \/>\t\t\t\t\t\t\t\t\t\t\t\t\t\t\t<\/div>\n\t\t\t\t<\/div>\n\t\t\t\t\t<\/div>\n\t\t<\/div>\n\t\t\t\t\t\t\t<\/div>\n\t\t<\/section>\n\t\t\t\t<section class=\"elementor-section elementor-top-section elementor-element elementor-element-abd3231 elementor-section-boxed elementor-section-height-default elementor-section-height-default\" data-id=\"abd3231\" data-element_type=\"section\">\n\t\t\t\t\t\t<div class=\"elementor-container elementor-column-gap-default\">\n\t\t\t\t\t<div class=\"elementor-column elementor-col-100 elementor-top-column elementor-element elementor-element-eb8430f\" data-id=\"eb8430f\" data-element_type=\"column\">\n\t\t\t<div class=\"elementor-widget-wrap elementor-element-populated\">\n\t\t\t\t\t\t\t\t<div class=\"elementor-element elementor-element-4a10bbf elementor-widget elementor-widget-heading\" data-id=\"4a10bbf\" data-element_type=\"widget\" data-widget_type=\"heading.default\">\n\t\t\t\t<div class=\"elementor-widget-container\">\n\t\t\t<h2 class=\"elementor-heading-title elementor-size-default\">Programme du festival ici: <a href=\"https:\/\/printempsdesarts-wp.kaz.bzh\/le-programme\/\" target=\"_blank\" data-saferedirecturl=\"https:\/\/www.google.com\/url?q=https:\/\/printempsdesarts-wp.kaz.bzh\/le-programme\/&amp;source=gmail&amp;ust=1710874113288000&amp;usg=AOvVaw1J7NQkiL9cn-TMKWQpqemC\" style=\"font-weight: 400; white-space: normal; color: rgb(17, 85, 204); font-family: Arial, Helvetica, sans-serif;\">https:\/\/printempsdesarts-wp.<wbr>kaz.bzh\/le-programme\/<\/a><\/h2>\t\t<\/div>\n\t\t\t\t<\/div>\n\t\t\t\t\t<\/div>\n\t\t<\/div>\n\t\t\t\t\t\t\t<\/div>\n\t\t<\/section>\n\t\t\t\t\t\t\t<\/div>\n\t\t","protected":false},"excerpt":{"rendered":"<p>LES NOUVELLES DU PRINTEMPS annoncent le d\u00e9but des ateliers de lectures th\u00e9\u00e2tralis\u00e9es \u00e0 Le Palais (\u00e9crites par Luc le Chat) Programme du festival ici: https:\/\/printempsdesarts-wp.kaz.bzh\/le-programme\/<\/p>\n","protected":false},"author":1,"featured_media":0,"parent":0,"menu_order":0,"comment_status":"closed","ping_status":"closed","template":"","meta":{"footnotes":""},"class_list":["post-872","page","type-page","status-publish","hentry"],"_links":{"self":[{"href":"https:\/\/chatshutants.ovh\/index.php?rest_route=\/wp\/v2\/pages\/872","targetHints":{"allow":["GET"]}}],"collection":[{"href":"https:\/\/chatshutants.ovh\/index.php?rest_route=\/wp\/v2\/pages"}],"about":[{"href":"https:\/\/chatshutants.ovh\/index.php?rest_route=\/wp\/v2\/types\/page"}],"author":[{"embeddable":true,"href":"https:\/\/chatshutants.ovh\/index.php?rest_route=\/wp\/v2\/users\/1"}],"replies":[{"embeddable":true,"href":"https:\/\/chatshutants.ovh\/index.php?rest_route=%2Fwp%2Fv2%2Fcomments&post=872"}],"version-history":[{"count":7,"href":"https:\/\/chatshutants.ovh\/index.php?rest_route=\/wp\/v2\/pages\/872\/revisions"}],"predecessor-version":[{"id":884,"href":"https:\/\/chatshutants.ovh\/index.php?rest_route=\/wp\/v2\/pages\/872\/revisions\/884"}],"wp:attachment":[{"href":"https:\/\/chatshutants.ovh\/index.php?rest_route=%2Fwp%2Fv2%2Fmedia&parent=872"}],"curies":[{"name":"wp","href":"https:\/\/api.w.org\/{rel}","templated":true}]}}