{"id":805,"date":"2023-12-07T15:42:33","date_gmt":"2023-12-07T14:42:33","guid":{"rendered":"http:\/\/chatshutants.ovh\/?page_id=805"},"modified":"2023-12-07T16:04:00","modified_gmt":"2023-12-07T15:04:00","slug":"printemps-des-arts-et-de-la-nature-21-mars-au-1er-avril-2024","status":"publish","type":"page","link":"https:\/\/chatshutants.ovh\/?page_id=805","title":{"rendered":"Printemps des Arts et de la Nature : 21 mars au 1er avril 2024"},"content":{"rendered":"\t\t<div data-elementor-type=\"wp-page\" data-elementor-id=\"805\" class=\"elementor elementor-805\">\n\t\t\t\t\t\t\t\t\t<section class=\"elementor-section elementor-top-section elementor-element elementor-element-10ce3c61 elementor-section-boxed elementor-section-height-default elementor-section-height-default\" data-id=\"10ce3c61\" data-element_type=\"section\">\n\t\t\t\t\t\t<div class=\"elementor-container elementor-column-gap-default\">\n\t\t\t\t\t<div class=\"elementor-column elementor-col-100 elementor-top-column elementor-element elementor-element-249f67cd\" data-id=\"249f67cd\" data-element_type=\"column\">\n\t\t\t<div class=\"elementor-widget-wrap elementor-element-populated\">\n\t\t\t\t\t\t\t\t<div class=\"elementor-element elementor-element-3673504c elementor-widget elementor-widget-text-editor\" data-id=\"3673504c\" data-element_type=\"widget\" data-widget_type=\"text-editor.default\">\n\t\t\t\t<div class=\"elementor-widget-container\">\n\t\t\t<style>\/*! elementor - v3.16.0 - 17-10-2023 *\/\n.elementor-widget-text-editor.elementor-drop-cap-view-stacked .elementor-drop-cap{background-color:#69727d;color:#fff}.elementor-widget-text-editor.elementor-drop-cap-view-framed .elementor-drop-cap{color:#69727d;border:3px solid;background-color:transparent}.elementor-widget-text-editor:not(.elementor-drop-cap-view-default) .elementor-drop-cap{margin-top:8px}.elementor-widget-text-editor:not(.elementor-drop-cap-view-default) .elementor-drop-cap-letter{width:1em;height:1em}.elementor-widget-text-editor .elementor-drop-cap{float:left;text-align:center;line-height:1;font-size:50px}.elementor-widget-text-editor .elementor-drop-cap-letter{display:inline-block}<\/style>\t\t\t\t<p><img loading=\"lazy\" decoding=\"async\" class=\"alignnone size-medium wp-image-807\" src=\"http:\/\/chatshutants.ovh\/wp-content\/uploads\/2023\/12\/C217A6ED-5C65-4346-A4BE-52CB96EE1AC7-210x300.png\" alt=\"\" width=\"210\" height=\"300\" srcset=\"https:\/\/chatshutants.ovh\/wp-content\/uploads\/2023\/12\/C217A6ED-5C65-4346-A4BE-52CB96EE1AC7-210x300.png 210w, https:\/\/chatshutants.ovh\/wp-content\/uploads\/2023\/12\/C217A6ED-5C65-4346-A4BE-52CB96EE1AC7-717x1024.png 717w, https:\/\/chatshutants.ovh\/wp-content\/uploads\/2023\/12\/C217A6ED-5C65-4346-A4BE-52CB96EE1AC7-768x1097.png 768w, https:\/\/chatshutants.ovh\/wp-content\/uploads\/2023\/12\/C217A6ED-5C65-4346-A4BE-52CB96EE1AC7.png 896w\" sizes=\"auto, (max-width: 210px) 100vw, 210px\" \/> <img loading=\"lazy\" decoding=\"async\" class=\"alignnone size-medium wp-image-806\" src=\"http:\/\/chatshutants.ovh\/wp-content\/uploads\/2023\/12\/F46E1ADF-11AD-4F8D-A410-93894EDF2C8C-211x300.png\" alt=\"\" width=\"211\" height=\"300\" srcset=\"https:\/\/chatshutants.ovh\/wp-content\/uploads\/2023\/12\/F46E1ADF-11AD-4F8D-A410-93894EDF2C8C-211x300.png 211w, https:\/\/chatshutants.ovh\/wp-content\/uploads\/2023\/12\/F46E1ADF-11AD-4F8D-A410-93894EDF2C8C-719x1024.png 719w, https:\/\/chatshutants.ovh\/wp-content\/uploads\/2023\/12\/F46E1ADF-11AD-4F8D-A410-93894EDF2C8C-768x1093.png 768w, https:\/\/chatshutants.ovh\/wp-content\/uploads\/2023\/12\/F46E1ADF-11AD-4F8D-A410-93894EDF2C8C.png 899w\" sizes=\"auto, (max-width: 211px) 100vw, 211px\" \/>L&#8217;Association Act-Meizad participe \u00e0 la seconde \u00e9dition du Printemps des Arts et de la Nature en partenariat avec les fondateur, Francis Montuelle et B\u00e9atrice Parent de l&#8217;association l&#8217;Eperluette.<\/p>\n<p>Le th\u00e8me retenu &nbsp;pour l&#8217;ann\u00e9e 2024 est celui de l&#8217;eau. De nombreux \u00e9v\u00e8nements se pr\u00e9parent sur ce th\u00e8me partout dans l&#8217;\u00eele et la troupe pr\u00e9pare avec d&#8217;autres participants une <em><strong>causerie autour de l&#8217;eau<\/strong><\/em> et une performance th\u00e9\u00e2trale, &nbsp;po\u00e9tique et musicale <strong><em>Aux bords des mondes et autres textes aquatiques<\/em><\/strong>.&nbsp;<\/p>\n<p>Elles seront pr\u00e9sent\u00e9es \u00e0 Le Palais; &nbsp;le 27. mars \u00e0 18h00 \u00e0 la Biblioth\u00e8que du G\u00e9nie et le 31 mars \u00e0 18h \u00e0 la salle Arletty.<\/p>\n<p>&#8220;Les nouvelles du Printemps&#8221; r\u00e9dig\u00e9e &nbsp;par Luc le Chat \u00e9voquent les ateliers de lectures \u00e0 voix haute qui ont d\u00e9marr\u00e9 \u00e0 Palais.<\/p>\n<p><\/p>\n<p><\/p>\t\t\t\t\t\t<\/div>\n\t\t\t\t<\/div>\n\t\t\t\t\t<\/div>\n\t\t<\/div>\n\t\t\t\t\t\t\t<\/div>\n\t\t<\/section>\n\t\t\t\t\t\t\t<\/div>\n\t\t","protected":false},"excerpt":{"rendered":"<p>L&#8217;Association Act-Meizad participe \u00e0 la seconde \u00e9dition du Printemps des Arts et de la Nature en partenariat avec les fondateur, Francis Montuelle et B\u00e9atrice Parent de l&#8217;association l&#8217;Eperluette. Le th\u00e8me retenu &nbsp;pour l&#8217;ann\u00e9e 2024 est celui de l&#8217;eau. De nombreux \u00e9v\u00e8nements se pr\u00e9parent sur ce th\u00e8me partout dans l&#8217;\u00eele et la troupe pr\u00e9pare avec d&#8217;autres &hellip; <\/p>\n<p class=\"link-more\"><a href=\"https:\/\/chatshutants.ovh\/?page_id=805\" class=\"more-link\">Continue reading<span class=\"screen-reader-text\"> &#8220;Printemps des Arts et de la Nature : 21 mars au 1er avril 2024&#8221;<\/span><\/a><\/p>\n","protected":false},"author":1,"featured_media":0,"parent":0,"menu_order":0,"comment_status":"closed","ping_status":"closed","template":"","meta":{"footnotes":""},"class_list":["post-805","page","type-page","status-publish","hentry"],"_links":{"self":[{"href":"https:\/\/chatshutants.ovh\/index.php?rest_route=\/wp\/v2\/pages\/805","targetHints":{"allow":["GET"]}}],"collection":[{"href":"https:\/\/chatshutants.ovh\/index.php?rest_route=\/wp\/v2\/pages"}],"about":[{"href":"https:\/\/chatshutants.ovh\/index.php?rest_route=\/wp\/v2\/types\/page"}],"author":[{"embeddable":true,"href":"https:\/\/chatshutants.ovh\/index.php?rest_route=\/wp\/v2\/users\/1"}],"replies":[{"embeddable":true,"href":"https:\/\/chatshutants.ovh\/index.php?rest_route=%2Fwp%2Fv2%2Fcomments&post=805"}],"version-history":[{"count":9,"href":"https:\/\/chatshutants.ovh\/index.php?rest_route=\/wp\/v2\/pages\/805\/revisions"}],"predecessor-version":[{"id":818,"href":"https:\/\/chatshutants.ovh\/index.php?rest_route=\/wp\/v2\/pages\/805\/revisions\/818"}],"wp:attachment":[{"href":"https:\/\/chatshutants.ovh\/index.php?rest_route=%2Fwp%2Fv2%2Fmedia&parent=805"}],"curies":[{"name":"wp","href":"https:\/\/api.w.org\/{rel}","templated":true}]}}