{"id":722,"date":"2023-02-08T10:58:41","date_gmt":"2023-02-08T09:58:41","guid":{"rendered":"http:\/\/chatshutants.ovh\/?page_id=722"},"modified":"2023-12-08T10:11:46","modified_gmt":"2023-12-08T09:11:46","slug":"le-printemps-des-arts-se-prepare","status":"publish","type":"page","link":"https:\/\/chatshutants.ovh\/?page_id=722","title":{"rendered":"Le Printemps des Arts se pr\u00e9pare&#8230;"},"content":{"rendered":"\t\t<div data-elementor-type=\"wp-page\" data-elementor-id=\"722\" class=\"elementor elementor-722\">\n\t\t\t\t\t\t\t\t\t<section class=\"elementor-section elementor-top-section elementor-element elementor-element-d14f977 elementor-section-boxed elementor-section-height-default elementor-section-height-default\" data-id=\"d14f977\" data-element_type=\"section\">\n\t\t\t\t\t\t<div class=\"elementor-container elementor-column-gap-default\">\n\t\t\t\t\t<div class=\"elementor-column elementor-col-100 elementor-top-column elementor-element elementor-element-77262b6\" data-id=\"77262b6\" data-element_type=\"column\">\n\t\t\t<div class=\"elementor-widget-wrap elementor-element-populated\">\n\t\t\t\t\t\t\t\t<div class=\"elementor-element elementor-element-4cc778d elementor-widget elementor-widget-heading\" data-id=\"4cc778d\" data-element_type=\"widget\" data-widget_type=\"heading.default\">\n\t\t\t\t<div class=\"elementor-widget-container\">\n\t\t\t<style>\/*! elementor - v3.16.0 - 17-10-2023 *\/\n.elementor-heading-title{padding:0;margin:0;line-height:1}.elementor-widget-heading .elementor-heading-title[class*=elementor-size-]>a{color:inherit;font-size:inherit;line-height:inherit}.elementor-widget-heading .elementor-heading-title.elementor-size-small{font-size:15px}.elementor-widget-heading .elementor-heading-title.elementor-size-medium{font-size:19px}.elementor-widget-heading .elementor-heading-title.elementor-size-large{font-size:29px}.elementor-widget-heading .elementor-heading-title.elementor-size-xl{font-size:39px}.elementor-widget-heading .elementor-heading-title.elementor-size-xxl{font-size:59px}<\/style><h3 class=\"elementor-heading-title elementor-size-default\">La troupe des Chats Hutants <br>pr\u00e9pare ses fantaisies ....<\/h3>\t\t<\/div>\n\t\t\t\t<\/div>\n\t\t\t\t\t<\/div>\n\t\t<\/div>\n\t\t\t\t\t\t\t<\/div>\n\t\t<\/section>\n\t\t\t\t<section class=\"elementor-section elementor-top-section elementor-element elementor-element-41c0a25b elementor-section-full_width elementor-section-height-default elementor-section-height-default\" data-id=\"41c0a25b\" data-element_type=\"section\">\n\t\t\t\t\t\t<div class=\"elementor-container elementor-column-gap-default\">\n\t\t\t\t\t<div class=\"elementor-column elementor-col-100 elementor-top-column elementor-element elementor-element-1e2add27\" data-id=\"1e2add27\" data-element_type=\"column\">\n\t\t\t<div class=\"elementor-widget-wrap elementor-element-populated\">\n\t\t\t\t\t\t\t\t<div class=\"elementor-element elementor-element-bcf734a elementor-widget elementor-widget-text-editor\" data-id=\"bcf734a\" data-element_type=\"widget\" data-widget_type=\"text-editor.default\">\n\t\t\t\t<div class=\"elementor-widget-container\">\n\t\t\t<style>\/*! elementor - v3.16.0 - 17-10-2023 *\/\n.elementor-widget-text-editor.elementor-drop-cap-view-stacked .elementor-drop-cap{background-color:#69727d;color:#fff}.elementor-widget-text-editor.elementor-drop-cap-view-framed .elementor-drop-cap{color:#69727d;border:3px solid;background-color:transparent}.elementor-widget-text-editor:not(.elementor-drop-cap-view-default) .elementor-drop-cap{margin-top:8px}.elementor-widget-text-editor:not(.elementor-drop-cap-view-default) .elementor-drop-cap-letter{width:1em;height:1em}.elementor-widget-text-editor .elementor-drop-cap{float:left;text-align:center;line-height:1;font-size:50px}.elementor-widget-text-editor .elementor-drop-cap-letter{display:inline-block}<\/style>\t\t\t\t<p><img loading=\"lazy\" decoding=\"async\" class=\"alignnone size-medium wp-image-723\" src=\"http:\/\/chatshutants.ovh\/wp-content\/uploads\/2023\/02\/PRINTEMPS-DES-ARTS-FANTAISIES-2023-212x300.png\" alt=\"\" width=\"212\" height=\"300\" srcset=\"https:\/\/chatshutants.ovh\/wp-content\/uploads\/2023\/02\/PRINTEMPS-DES-ARTS-FANTAISIES-2023-212x300.png 212w, https:\/\/chatshutants.ovh\/wp-content\/uploads\/2023\/02\/PRINTEMPS-DES-ARTS-FANTAISIES-2023-723x1024.png 723w, https:\/\/chatshutants.ovh\/wp-content\/uploads\/2023\/02\/PRINTEMPS-DES-ARTS-FANTAISIES-2023.png 754w\" sizes=\"auto, (max-width: 212px) 100vw, 212px\" \/> <img loading=\"lazy\" decoding=\"async\" class=\"size-medium wp-image-724 alignleft\" src=\"http:\/\/chatshutants.ovh\/wp-content\/uploads\/2023\/02\/PRINTEMPS-DES-ARTS-FANTAISIES-P-1--212x300.png\" alt=\"\" width=\"212\" height=\"300\" srcset=\"https:\/\/chatshutants.ovh\/wp-content\/uploads\/2023\/02\/PRINTEMPS-DES-ARTS-FANTAISIES-P-1--212x300.png 212w, https:\/\/chatshutants.ovh\/wp-content\/uploads\/2023\/02\/PRINTEMPS-DES-ARTS-FANTAISIES-P-1--723x1024.png 723w, https:\/\/chatshutants.ovh\/wp-content\/uploads\/2023\/02\/PRINTEMPS-DES-ARTS-FANTAISIES-P-1-.png 754w\" sizes=\"auto, (max-width: 212px) 100vw, 212px\" \/><\/p>\t\t\t\t\t\t<\/div>\n\t\t\t\t<\/div>\n\t\t\t\t\t<\/div>\n\t\t<\/div>\n\t\t\t\t\t\t\t<\/div>\n\t\t<\/section>\n\t\t\t\t<section class=\"elementor-section elementor-top-section elementor-element elementor-element-0824813 elementor-section-boxed elementor-section-height-default elementor-section-height-default\" data-id=\"0824813\" data-element_type=\"section\">\n\t\t\t\t\t\t<div class=\"elementor-container elementor-column-gap-default\">\n\t\t\t\t\t<div class=\"elementor-column elementor-col-100 elementor-top-column elementor-element elementor-element-251ea5d\" data-id=\"251ea5d\" data-element_type=\"column\">\n\t\t\t<div class=\"elementor-widget-wrap elementor-element-populated\">\n\t\t\t\t\t\t\t\t<div class=\"elementor-element elementor-element-b8ce4bd elementor-widget elementor-widget-image\" data-id=\"b8ce4bd\" data-element_type=\"widget\" data-widget_type=\"image.default\">\n\t\t\t\t<div class=\"elementor-widget-container\">\n\t\t\t<style>\/*! elementor - v3.16.0 - 17-10-2023 *\/\n.elementor-widget-image{text-align:center}.elementor-widget-image a{display:inline-block}.elementor-widget-image a img[src$=\".svg\"]{width:48px}.elementor-widget-image img{vertical-align:middle;display:inline-block}<\/style>\t\t\t\t\t\t\t\t\t\t\t\t<img loading=\"lazy\" decoding=\"async\" width=\"525\" height=\"394\" src=\"https:\/\/chatshutants.ovh\/wp-content\/uploads\/2023\/05\/PHOTO-2023-03-30-11-24-04-1024x768.jpg\" class=\"attachment-large size-large wp-image-745\" alt=\"les deux feuilles mortes avec Sylvie et Marie-Rose\" srcset=\"https:\/\/chatshutants.ovh\/wp-content\/uploads\/2023\/05\/PHOTO-2023-03-30-11-24-04-1024x768.jpg 1024w, https:\/\/chatshutants.ovh\/wp-content\/uploads\/2023\/05\/PHOTO-2023-03-30-11-24-04-300x225.jpg 300w, https:\/\/chatshutants.ovh\/wp-content\/uploads\/2023\/05\/PHOTO-2023-03-30-11-24-04-768x576.jpg 768w, https:\/\/chatshutants.ovh\/wp-content\/uploads\/2023\/05\/PHOTO-2023-03-30-11-24-04-1536x1153.jpg 1536w, https:\/\/chatshutants.ovh\/wp-content\/uploads\/2023\/05\/PHOTO-2023-03-30-11-24-04.jpg 1599w\" sizes=\"auto, 100vw\" \/>\t\t\t\t\t\t\t\t\t\t\t\t\t\t\t<\/div>\n\t\t\t\t<\/div>\n\t\t\t\t\t<\/div>\n\t\t<\/div>\n\t\t\t\t\t\t\t<\/div>\n\t\t<\/section>\n\t\t\t\t<section class=\"elementor-section elementor-top-section elementor-element elementor-element-be1283e elementor-section-boxed elementor-section-height-default elementor-section-height-default\" data-id=\"be1283e\" data-element_type=\"section\">\n\t\t\t\t\t\t<div class=\"elementor-container elementor-column-gap-default\">\n\t\t\t\t\t<div class=\"elementor-column elementor-col-100 elementor-top-column elementor-element elementor-element-e96bf5b\" data-id=\"e96bf5b\" data-element_type=\"column\">\n\t\t\t<div class=\"elementor-widget-wrap elementor-element-populated\">\n\t\t\t\t\t\t\t\t<div class=\"elementor-element elementor-element-68ecc58 elementor-widget elementor-widget-heading\" data-id=\"68ecc58\" data-element_type=\"widget\" data-widget_type=\"heading.default\">\n\t\t\t\t<div class=\"elementor-widget-container\">\n\t\t\t<h2 class=\"elementor-heading-title elementor-size-small\">les feuilles mortes de Matei Visniec avec Sylvie et Marie-Rose<\/h2>\t\t<\/div>\n\t\t\t\t<\/div>\n\t\t\t\t\t<\/div>\n\t\t<\/div>\n\t\t\t\t\t\t\t<\/div>\n\t\t<\/section>\n\t\t\t\t<section class=\"elementor-section elementor-top-section elementor-element elementor-element-93be4aa elementor-section-boxed elementor-section-height-default elementor-section-height-default\" data-id=\"93be4aa\" data-element_type=\"section\">\n\t\t\t\t\t\t<div class=\"elementor-container elementor-column-gap-default\">\n\t\t\t\t\t<div class=\"elementor-column elementor-col-100 elementor-top-column elementor-element elementor-element-206e393\" data-id=\"206e393\" data-element_type=\"column\">\n\t\t\t<div class=\"elementor-widget-wrap elementor-element-populated\">\n\t\t\t\t\t\t\t\t<div class=\"elementor-element elementor-element-fa76c34 elementor-widget elementor-widget-image\" data-id=\"fa76c34\" data-element_type=\"widget\" data-widget_type=\"image.default\">\n\t\t\t\t<div class=\"elementor-widget-container\">\n\t\t\t\t\t\t\t\t\t\t\t\t\t\t\t<img loading=\"lazy\" decoding=\"async\" width=\"525\" height=\"700\" src=\"https:\/\/chatshutants.ovh\/wp-content\/uploads\/2023\/05\/PHOTO-2023-03-30-11-23-47-768x1024.jpg\" class=\"attachment-large size-large wp-image-744\" alt=\"\" srcset=\"https:\/\/chatshutants.ovh\/wp-content\/uploads\/2023\/05\/PHOTO-2023-03-30-11-23-47-768x1023.jpg 768w, https:\/\/chatshutants.ovh\/wp-content\/uploads\/2023\/05\/PHOTO-2023-03-30-11-23-47-225x300.jpg 225w, https:\/\/chatshutants.ovh\/wp-content\/uploads\/2023\/05\/PHOTO-2023-03-30-11-23-47-1153x1536.jpg 1153w, https:\/\/chatshutants.ovh\/wp-content\/uploads\/2023\/05\/PHOTO-2023-03-30-11-23-47.jpg 1200w\" sizes=\"auto, 100vw\" \/>\t\t\t\t\t\t\t\t\t\t\t\t\t\t\t<\/div>\n\t\t\t\t<\/div>\n\t\t\t\t\t<\/div>\n\t\t<\/div>\n\t\t\t\t\t\t\t<\/div>\n\t\t<\/section>\n\t\t\t\t<section class=\"elementor-section elementor-top-section elementor-element elementor-element-0216f0f elementor-section-boxed elementor-section-height-default elementor-section-height-default\" data-id=\"0216f0f\" data-element_type=\"section\">\n\t\t\t\t\t\t<div class=\"elementor-container elementor-column-gap-default\">\n\t\t\t\t\t<div class=\"elementor-column elementor-col-100 elementor-top-column elementor-element elementor-element-c6ed416\" data-id=\"c6ed416\" data-element_type=\"column\">\n\t\t\t<div class=\"elementor-widget-wrap elementor-element-populated\">\n\t\t\t\t\t\t\t\t<div class=\"elementor-element elementor-element-b2412f4 elementor-widget elementor-widget-heading\" data-id=\"b2412f4\" data-element_type=\"widget\" data-widget_type=\"heading.default\">\n\t\t\t\t<div class=\"elementor-widget-container\">\n\t\t\t<h2 class=\"elementor-heading-title elementor-size-small\">\"L'asperge et la fraise des bois\"de S\u00e9bastien Lapaque avec Martine et Fran\u00e7oise<\/h2>\t\t<\/div>\n\t\t\t\t<\/div>\n\t\t\t\t\t<\/div>\n\t\t<\/div>\n\t\t\t\t\t\t\t<\/div>\n\t\t<\/section>\n\t\t\t\t<section class=\"elementor-section elementor-top-section elementor-element elementor-element-84157b2 elementor-section-boxed elementor-section-height-default elementor-section-height-default\" data-id=\"84157b2\" data-element_type=\"section\">\n\t\t\t\t\t\t<div class=\"elementor-container elementor-column-gap-default\">\n\t\t\t\t\t<div class=\"elementor-column elementor-col-100 elementor-top-column elementor-element elementor-element-607a65f\" data-id=\"607a65f\" data-element_type=\"column\">\n\t\t\t<div class=\"elementor-widget-wrap elementor-element-populated\">\n\t\t\t\t\t\t\t\t<div class=\"elementor-element elementor-element-f9f89e8 elementor-widget elementor-widget-image\" data-id=\"f9f89e8\" data-element_type=\"widget\" data-widget_type=\"image.default\">\n\t\t\t\t<div class=\"elementor-widget-container\">\n\t\t\t\t\t\t\t\t\t\t\t\t\t\t\t<img loading=\"lazy\" decoding=\"async\" width=\"525\" height=\"700\" src=\"https:\/\/chatshutants.ovh\/wp-content\/uploads\/2023\/05\/PHOTO-2023-03-30-11-21-52-768x1024.jpg\" class=\"attachment-large size-large wp-image-741\" alt=\"Afika en &quot;liseron&quot; et Francis en &quot;jardinier des mots&quot;\" srcset=\"https:\/\/chatshutants.ovh\/wp-content\/uploads\/2023\/05\/PHOTO-2023-03-30-11-21-52-768x1023.jpg 768w, https:\/\/chatshutants.ovh\/wp-content\/uploads\/2023\/05\/PHOTO-2023-03-30-11-21-52-225x300.jpg 225w, https:\/\/chatshutants.ovh\/wp-content\/uploads\/2023\/05\/PHOTO-2023-03-30-11-21-52-1153x1536.jpg 1153w, https:\/\/chatshutants.ovh\/wp-content\/uploads\/2023\/05\/PHOTO-2023-03-30-11-21-52.jpg 1200w\" sizes=\"auto, 100vw\" \/>\t\t\t\t\t\t\t\t\t\t\t\t\t\t\t<\/div>\n\t\t\t\t<\/div>\n\t\t\t\t\t<\/div>\n\t\t<\/div>\n\t\t\t\t\t\t\t<\/div>\n\t\t<\/section>\n\t\t\t\t<section class=\"elementor-section elementor-top-section elementor-element elementor-element-ad6f837 elementor-section-boxed elementor-section-height-default elementor-section-height-default\" data-id=\"ad6f837\" data-element_type=\"section\">\n\t\t\t\t\t\t<div class=\"elementor-container elementor-column-gap-default\">\n\t\t\t\t\t<div class=\"elementor-column elementor-col-100 elementor-top-column elementor-element elementor-element-ee749df\" data-id=\"ee749df\" data-element_type=\"column\">\n\t\t\t<div class=\"elementor-widget-wrap elementor-element-populated\">\n\t\t\t\t\t\t\t\t<div class=\"elementor-element elementor-element-742287f elementor-widget elementor-widget-heading\" data-id=\"742287f\" data-element_type=\"widget\" data-widget_type=\"heading.default\">\n\t\t\t\t<div class=\"elementor-widget-container\">\n\t\t\t<h2 class=\"elementor-heading-title elementor-size-small\">Afrika dans  \"le liseron\" d'Antoine S\u00e9guin et Francis Montuelle joue le jardinier des mots<\/h2>\t\t<\/div>\n\t\t\t\t<\/div>\n\t\t\t\t\t<\/div>\n\t\t<\/div>\n\t\t\t\t\t\t\t<\/div>\n\t\t<\/section>\n\t\t\t\t<section class=\"elementor-section elementor-top-section elementor-element elementor-element-1e05dd9 elementor-section-boxed elementor-section-height-default elementor-section-height-default\" data-id=\"1e05dd9\" data-element_type=\"section\">\n\t\t\t\t\t\t<div class=\"elementor-container elementor-column-gap-default\">\n\t\t\t\t\t<div class=\"elementor-column elementor-col-100 elementor-top-column elementor-element elementor-element-0fed3fe\" data-id=\"0fed3fe\" data-element_type=\"column\">\n\t\t\t<div class=\"elementor-widget-wrap\">\n\t\t\t\t\t\t\t\t\t<\/div>\n\t\t<\/div>\n\t\t\t\t\t\t\t<\/div>\n\t\t<\/section>\n\t\t\t\t<section class=\"elementor-section elementor-top-section elementor-element elementor-element-671396d elementor-section-boxed elementor-section-height-default elementor-section-height-default\" data-id=\"671396d\" data-element_type=\"section\">\n\t\t\t\t\t\t<div class=\"elementor-container elementor-column-gap-default\">\n\t\t\t\t\t<div class=\"elementor-column elementor-col-100 elementor-top-column elementor-element elementor-element-74b368d\" data-id=\"74b368d\" data-element_type=\"column\">\n\t\t\t<div class=\"elementor-widget-wrap elementor-element-populated\">\n\t\t\t\t\t\t\t\t<div class=\"elementor-element elementor-element-8b970b1 elementor-widget elementor-widget-image\" data-id=\"8b970b1\" data-element_type=\"widget\" data-widget_type=\"image.default\">\n\t\t\t\t<div class=\"elementor-widget-container\">\n\t\t\t\t\t\t\t\t\t\t\t\t\t\t\t<img loading=\"lazy\" decoding=\"async\" width=\"525\" height=\"700\" src=\"https:\/\/chatshutants.ovh\/wp-content\/uploads\/2023\/05\/PHOTO-2023-03-30-11-24-15-768x1024.jpg\" class=\"attachment-large size-large wp-image-746\" alt=\"Agn\u00e8s jouant un &quot;If&quot;\" srcset=\"https:\/\/chatshutants.ovh\/wp-content\/uploads\/2023\/05\/PHOTO-2023-03-30-11-24-15-768x1023.jpg 768w, https:\/\/chatshutants.ovh\/wp-content\/uploads\/2023\/05\/PHOTO-2023-03-30-11-24-15-225x300.jpg 225w, https:\/\/chatshutants.ovh\/wp-content\/uploads\/2023\/05\/PHOTO-2023-03-30-11-24-15-1153x1536.jpg 1153w, https:\/\/chatshutants.ovh\/wp-content\/uploads\/2023\/05\/PHOTO-2023-03-30-11-24-15.jpg 1200w\" sizes=\"auto, 100vw\" \/>\t\t\t\t\t\t\t\t\t\t\t\t\t\t\t<\/div>\n\t\t\t\t<\/div>\n\t\t\t\t\t<\/div>\n\t\t<\/div>\n\t\t\t\t\t\t\t<\/div>\n\t\t<\/section>\n\t\t\t\t<section class=\"elementor-section elementor-top-section elementor-element elementor-element-611610a elementor-section-boxed elementor-section-height-default elementor-section-height-default\" data-id=\"611610a\" data-element_type=\"section\">\n\t\t\t\t\t\t<div class=\"elementor-container elementor-column-gap-default\">\n\t\t\t\t\t<div class=\"elementor-column elementor-col-100 elementor-top-column elementor-element elementor-element-837c7aa\" data-id=\"837c7aa\" data-element_type=\"column\">\n\t\t\t<div class=\"elementor-widget-wrap elementor-element-populated\">\n\t\t\t\t\t\t\t\t<div class=\"elementor-element elementor-element-78f1d32 elementor-widget elementor-widget-heading\" data-id=\"78f1d32\" data-element_type=\"widget\" data-widget_type=\"heading.default\">\n\t\t\t\t<div class=\"elementor-widget-container\">\n\t\t\t<h2 class=\"elementor-heading-title elementor-size-small\">Agn\u00e8s jouant l \"If\" d'Emmanuelle Marie<\/h2>\t\t<\/div>\n\t\t\t\t<\/div>\n\t\t\t\t\t<\/div>\n\t\t<\/div>\n\t\t\t\t\t\t\t<\/div>\n\t\t<\/section>\n\t\t\t\t<section class=\"elementor-section elementor-top-section elementor-element elementor-element-8d90c09 elementor-section-boxed elementor-section-height-default elementor-section-height-default\" data-id=\"8d90c09\" data-element_type=\"section\">\n\t\t\t\t\t\t<div class=\"elementor-container elementor-column-gap-default\">\n\t\t\t\t\t<div class=\"elementor-column elementor-col-100 elementor-top-column elementor-element elementor-element-d1293de\" data-id=\"d1293de\" data-element_type=\"column\">\n\t\t\t<div class=\"elementor-widget-wrap elementor-element-populated\">\n\t\t\t\t\t\t\t\t<div class=\"elementor-element elementor-element-ddfb3f7 elementor-widget elementor-widget-image\" data-id=\"ddfb3f7\" data-element_type=\"widget\" data-widget_type=\"image.default\">\n\t\t\t\t<div class=\"elementor-widget-container\">\n\t\t\t\t\t\t\t\t\t\t\t\t\t\t\t<img loading=\"lazy\" decoding=\"async\" width=\"525\" height=\"700\" src=\"https:\/\/chatshutants.ovh\/wp-content\/uploads\/2023\/05\/PHOTO-2023-03-30-11-23-38-768x1024.jpg\" class=\"attachment-large size-large wp-image-743\" alt=\"Etienne en conif\u00e8re\" srcset=\"https:\/\/chatshutants.ovh\/wp-content\/uploads\/2023\/05\/PHOTO-2023-03-30-11-23-38-768x1023.jpg 768w, https:\/\/chatshutants.ovh\/wp-content\/uploads\/2023\/05\/PHOTO-2023-03-30-11-23-38-225x300.jpg 225w, https:\/\/chatshutants.ovh\/wp-content\/uploads\/2023\/05\/PHOTO-2023-03-30-11-23-38-1153x1536.jpg 1153w, https:\/\/chatshutants.ovh\/wp-content\/uploads\/2023\/05\/PHOTO-2023-03-30-11-23-38.jpg 1200w\" sizes=\"auto, 100vw\" \/>\t\t\t\t\t\t\t\t\t\t\t\t\t\t\t<\/div>\n\t\t\t\t<\/div>\n\t\t\t\t\t<\/div>\n\t\t<\/div>\n\t\t\t\t\t\t\t<\/div>\n\t\t<\/section>\n\t\t\t\t<section class=\"elementor-section elementor-top-section elementor-element elementor-element-6c460d4 elementor-section-boxed elementor-section-height-default elementor-section-height-default\" data-id=\"6c460d4\" data-element_type=\"section\">\n\t\t\t\t\t\t<div class=\"elementor-container elementor-column-gap-default\">\n\t\t\t\t\t<div class=\"elementor-column elementor-col-100 elementor-top-column elementor-element elementor-element-53b372b\" data-id=\"53b372b\" data-element_type=\"column\">\n\t\t\t<div class=\"elementor-widget-wrap elementor-element-populated\">\n\t\t\t\t\t\t\t\t<div class=\"elementor-element elementor-element-d39086a elementor-widget elementor-widget-heading\" data-id=\"d39086a\" data-element_type=\"widget\" data-widget_type=\"heading.default\">\n\t\t\t\t<div class=\"elementor-widget-container\">\n\t\t\t<h2 class=\"elementor-heading-title elementor-size-small\">Etienne jouant un conif'aire (texte de Francis Montuelle)<\/h2>\t\t<\/div>\n\t\t\t\t<\/div>\n\t\t\t\t\t<\/div>\n\t\t<\/div>\n\t\t\t\t\t\t\t<\/div>\n\t\t<\/section>\n\t\t\t\t\t\t\t<\/div>\n\t\t","protected":false},"excerpt":{"rendered":"<p>La troupe des Chats Hutants pr\u00e9pare ses fantaisies &#8230;. les feuilles mortes de Matei Visniec avec Sylvie et Marie-Rose &#8220;L&#8217;asperge et la fraise des bois&#8221;de S\u00e9bastien Lapaque avec Martine et Fran\u00e7oise Afrika dans &#8220;le liseron&#8221; d&#8217;Antoine S\u00e9guin et Francis Montuelle joue le jardinier des mots Agn\u00e8s jouant l &#8220;If&#8221; d&#8217;Emmanuelle Marie Etienne jouant un conif&#8217;aire &hellip; <\/p>\n<p class=\"link-more\"><a href=\"https:\/\/chatshutants.ovh\/?page_id=722\" class=\"more-link\">Continue reading<span class=\"screen-reader-text\"> &#8220;Le Printemps des Arts se pr\u00e9pare&#8230;&#8221;<\/span><\/a><\/p>\n","protected":false},"author":1,"featured_media":0,"parent":0,"menu_order":0,"comment_status":"closed","ping_status":"closed","template":"","meta":{"footnotes":""},"class_list":["post-722","page","type-page","status-publish","hentry"],"_links":{"self":[{"href":"https:\/\/chatshutants.ovh\/index.php?rest_route=\/wp\/v2\/pages\/722","targetHints":{"allow":["GET"]}}],"collection":[{"href":"https:\/\/chatshutants.ovh\/index.php?rest_route=\/wp\/v2\/pages"}],"about":[{"href":"https:\/\/chatshutants.ovh\/index.php?rest_route=\/wp\/v2\/types\/page"}],"author":[{"embeddable":true,"href":"https:\/\/chatshutants.ovh\/index.php?rest_route=\/wp\/v2\/users\/1"}],"replies":[{"embeddable":true,"href":"https:\/\/chatshutants.ovh\/index.php?rest_route=%2Fwp%2Fv2%2Fcomments&post=722"}],"version-history":[{"count":13,"href":"https:\/\/chatshutants.ovh\/index.php?rest_route=\/wp\/v2\/pages\/722\/revisions"}],"predecessor-version":[{"id":831,"href":"https:\/\/chatshutants.ovh\/index.php?rest_route=\/wp\/v2\/pages\/722\/revisions\/831"}],"wp:attachment":[{"href":"https:\/\/chatshutants.ovh\/index.php?rest_route=%2Fwp%2Fv2%2Fmedia&parent=722"}],"curies":[{"name":"wp","href":"https:\/\/api.w.org\/{rel}","templated":true}]}}