{"id":690,"date":"2022-09-22T14:32:48","date_gmt":"2022-09-22T12:32:48","guid":{"rendered":"http:\/\/chatshutants.ovh\/?page_id=690"},"modified":"2022-09-22T14:32:48","modified_gmt":"2022-09-22T12:32:48","slug":"automne-2022-reprise-du-spectacle-a-le-palais-et-a-auray","status":"publish","type":"page","link":"https:\/\/chatshutants.ovh\/?page_id=690","title":{"rendered":"AUTOMNE 2022: reprise du spectacle \u00e0 Le Palais et \u00e0 Auray"},"content":{"rendered":"<p>Le spectacle &#8220;Le Bal des vauriens&#8221; sera pr\u00e9sent\u00e9 \u00e0 nouveau \u00e0 la salle Arletty de Le Palais le dimanche 16 octobre \u00e0 15h00 \u00a0et le vendredi 18 novembre au Centre Culturel Ath\u00e9na d&#8217;Auray \u00e0 20h30. `<\/p>\n<p><strong>RESERVATIONS: \u00a0<\/strong><\/p>\n<h5>SALLE ARLETTY\/LE PALAIS\u00a0: tel 06 26 02 46 40 ou <a href=\"mailto:sylviethienot@gmail.com\">sylviethienot@gmail.com<\/a>Et aupr\u00e8s de l\u2019Office de Tourisme de Belle Ile en Mer\u00a0au 02 97 31 81 93 \u2013 <a href=\"http:\/\/www.belle-ile.com\/\">www.belle-ile.com<\/a><\/p>\n<p>CENTRE CULTUREL ATHENA\/AURAY\u00a0: Tel 02 97 56 18 00 ou <a href=\"mailto:reservation.athena@ville-auray.fr\">reservation.athena@ville-auray.fr<\/a><\/h5>\n<p><a href=\"http:\/\/chatshutants.ovh\/wp-content\/uploads\/2022\/09\/FLYER-BAL-DES-VAURIENS-espace-athena-2.pdf\">FLYER BAL DES VAURIENS-espace ath\u00e9na-2<\/a><\/p>\n<p>https:\/\/vimeo.com\/720276143<\/p>\n","protected":false},"excerpt":{"rendered":"<p>Le spectacle &#8220;Le Bal des vauriens&#8221; sera pr\u00e9sent\u00e9 \u00e0 nouveau \u00e0 la salle Arletty de Le Palais le dimanche 16 octobre \u00e0 15h00 \u00a0et le vendredi 18 novembre au Centre Culturel Ath\u00e9na d&#8217;Auray \u00e0 20h30. ` RESERVATIONS: \u00a0 SALLE ARLETTY\/LE PALAIS\u00a0: tel 06 26 02 46 40 ou sylviethienot@gmail.comEt aupr\u00e8s de l\u2019Office de Tourisme de &hellip; <\/p>\n<p class=\"link-more\"><a href=\"https:\/\/chatshutants.ovh\/?page_id=690\" class=\"more-link\">Continue reading<span class=\"screen-reader-text\"> &#8220;AUTOMNE 2022: reprise du spectacle \u00e0 Le Palais et \u00e0 Auray&#8221;<\/span><\/a><\/p>\n","protected":false},"author":1,"featured_media":0,"parent":0,"menu_order":0,"comment_status":"closed","ping_status":"closed","template":"","meta":{"footnotes":""},"class_list":["post-690","page","type-page","status-publish","hentry"],"_links":{"self":[{"href":"https:\/\/chatshutants.ovh\/index.php?rest_route=\/wp\/v2\/pages\/690","targetHints":{"allow":["GET"]}}],"collection":[{"href":"https:\/\/chatshutants.ovh\/index.php?rest_route=\/wp\/v2\/pages"}],"about":[{"href":"https:\/\/chatshutants.ovh\/index.php?rest_route=\/wp\/v2\/types\/page"}],"author":[{"embeddable":true,"href":"https:\/\/chatshutants.ovh\/index.php?rest_route=\/wp\/v2\/users\/1"}],"replies":[{"embeddable":true,"href":"https:\/\/chatshutants.ovh\/index.php?rest_route=%2Fwp%2Fv2%2Fcomments&post=690"}],"version-history":[{"count":3,"href":"https:\/\/chatshutants.ovh\/index.php?rest_route=\/wp\/v2\/pages\/690\/revisions"}],"predecessor-version":[{"id":694,"href":"https:\/\/chatshutants.ovh\/index.php?rest_route=\/wp\/v2\/pages\/690\/revisions\/694"}],"wp:attachment":[{"href":"https:\/\/chatshutants.ovh\/index.php?rest_route=%2Fwp%2Fv2%2Fmedia&parent=690"}],"curies":[{"name":"wp","href":"https:\/\/api.w.org\/{rel}","templated":true}]}}