{"id":259,"date":"2021-04-18T23:16:58","date_gmt":"2021-04-18T21:16:58","guid":{"rendered":"http:\/\/chatshutants.ovh\/?page_id=259"},"modified":"2021-04-18T23:16:58","modified_gmt":"2021-04-18T21:16:58","slug":"saison-2018-bidules-trucs-de-pierre-notte-2","status":"publish","type":"page","link":"https:\/\/chatshutants.ovh\/?page_id=259","title":{"rendered":"Saison 2018 \u00ab\u00a0Bidules trucs\u00a0\u00bb de Pierre Notte."},"content":{"rendered":"<p>Apr\u00e8s \u00ab\u00a0Jojo le Barjo\u00a0\u00bb en \u00e9t\u00e9 2017 sur la sc\u00e8ne ambulante qu\u2019elle a construite, l\u2019association Act-Meizad a cr\u00e9\u00e9 \u00a0pour la saison 2018 \u00abBidules trucs\u00a0\u00bb de Pierre Notte.<\/p>\n<p>\u00ab\u00a0Bidules trucs\u00a0\u00bb de Pierre Notte, ce sont dix aventures imaginaires sous forme de\u00a0 \u00ab\u00a0contes\u00a0th\u00e9\u00e2traux\u00bb qui s\u2019adressent autant aux enfants qu\u2019aux adultes.\u00a0Pour cet \u00e9t\u00e9, l\u2019Association en a choisi quatre, mis en sc\u00e8ne par Sylvie Thienot\u00a0:<\/p>\n<ol>\n<li><strong>Une girafe et un raton laveur :\u00a0<\/strong><em style=\"font-size: 1rem;\">Dinguerie absurde en un tableau<\/em><\/li>\n<\/ol>\n<ol start=\"2\">\n<li><strong>Le chat et l\u2019agent:\u00a0<\/strong><em style=\"font-size: 1rem;\">Pi\u00e8ce m\u00e9taphysique (n\u2019ayons pas peur des mots) en un tableau<\/em><\/li>\n<\/ol>\n<ol start=\"3\">\n<li><strong>Le lion et l\u2019enfant:\u00a0<\/strong><em style=\"font-size: 1rem;\">Sorte de sayn\u00e8te fantastique en un tableau<\/em><strong style=\"font-size: 1rem;\"><em>\u00a0<\/em><\/strong><\/li>\n<\/ol>\n<ol start=\"4\">\n<li><strong>Une r\u00e9volution:\u00a0<\/strong><em style=\"font-size: 1rem;\">Epop\u00e9e historique et zozotante en un tableau<\/em><\/li>\n<\/ol>\n<p><em>\u00a0<\/em>Ces quatre pieces courtes, tendres et dr\u00f4les, ont\u00a0\u00e9tonn\u00e9 les enfants et les adultes avec ses personnages mi-humains, mi animaux et ses huluberlus insolites.\u00a0Elles \u00e9taient interpr\u00e9t\u00e9es par Marie-Rose Lef\u00e8vre, Tristan Naudin, Mathias Rossier, Sylvie Thienot et Agn\u00e8s de Wildenberg.<\/p>\n<p>Pierre Notte nous interpelle sur nos certitudes et nous fait virevolter dans son univers absurde et fantastique. \u00a0Il est \u00e0 la fois auteur, compositeur, metteur en sc\u00e8ne et com\u00e9dien. Pierre Notte est n\u00e9 en 1969 \u00e0 Amiens et il est \u00e0 pr\u00e9sent auteur associ\u00e9 et conseiller aupr\u00e8s du Th\u00e9\u00e2tre du Rond Point\u00a0;<\/p>\n<p>La troupe des \u00ab\u00a0Chats Hutants\u00a0\u00bb s\u2019est \u00e9toff\u00e9e avec la pr\u00e9sence de\u00a0Mathias Rossier et Tristan Naudin qui nous ont rejoints comme com\u00e9diens \u00a0et de\u00a0Catherine Nicola\u00ef pour les costumes.\u00a0<span style=\"font-size: 1rem;\">Et bien s\u00fbr, Natacha Ansquer qui nous apporte fid\u00e8lement son concours pour les travaux de couture depuis trois ans.<\/span><\/p>\n<p>La r\u00e9gie, la sc\u00e9nographie et d\u00e9cor sont assur\u00e9s par Antoine de Laborde Noguez.<\/p>\n","protected":false},"excerpt":{"rendered":"<p>Apr\u00e8s \u00ab\u00a0Jojo le Barjo\u00a0\u00bb en \u00e9t\u00e9 2017 sur la sc\u00e8ne ambulante qu\u2019elle a construite, l\u2019association Act-Meizad a cr\u00e9\u00e9 \u00a0pour la saison 2018 \u00abBidules trucs\u00a0\u00bb de Pierre Notte. \u00ab\u00a0Bidules trucs\u00a0\u00bb de Pierre Notte, ce sont dix aventures imaginaires sous forme de\u00a0 \u00ab\u00a0contes\u00a0th\u00e9\u00e2traux\u00bb qui s\u2019adressent autant aux enfants qu\u2019aux adultes.\u00a0Pour cet \u00e9t\u00e9, l\u2019Association en a choisi quatre, &hellip; <\/p>\n<p class=\"link-more\"><a href=\"https:\/\/chatshutants.ovh\/?page_id=259\" class=\"more-link\">Continue reading<span class=\"screen-reader-text\"> &#8220;Saison 2018 \u00ab\u00a0Bidules trucs\u00a0\u00bb de Pierre Notte.&#8221;<\/span><\/a><\/p>\n","protected":false},"author":1,"featured_media":261,"parent":0,"menu_order":0,"comment_status":"closed","ping_status":"closed","template":"","meta":{"footnotes":""},"class_list":["post-259","page","type-page","status-publish","has-post-thumbnail","hentry"],"_links":{"self":[{"href":"https:\/\/chatshutants.ovh\/index.php?rest_route=\/wp\/v2\/pages\/259","targetHints":{"allow":["GET"]}}],"collection":[{"href":"https:\/\/chatshutants.ovh\/index.php?rest_route=\/wp\/v2\/pages"}],"about":[{"href":"https:\/\/chatshutants.ovh\/index.php?rest_route=\/wp\/v2\/types\/page"}],"author":[{"embeddable":true,"href":"https:\/\/chatshutants.ovh\/index.php?rest_route=\/wp\/v2\/users\/1"}],"replies":[{"embeddable":true,"href":"https:\/\/chatshutants.ovh\/index.php?rest_route=%2Fwp%2Fv2%2Fcomments&post=259"}],"version-history":[{"count":1,"href":"https:\/\/chatshutants.ovh\/index.php?rest_route=\/wp\/v2\/pages\/259\/revisions"}],"predecessor-version":[{"id":260,"href":"https:\/\/chatshutants.ovh\/index.php?rest_route=\/wp\/v2\/pages\/259\/revisions\/260"}],"wp:featuredmedia":[{"embeddable":true,"href":"https:\/\/chatshutants.ovh\/index.php?rest_route=\/wp\/v2\/media\/261"}],"wp:attachment":[{"href":"https:\/\/chatshutants.ovh\/index.php?rest_route=%2Fwp%2Fv2%2Fmedia&parent=259"}],"curies":[{"name":"wp","href":"https:\/\/api.w.org\/{rel}","templated":true}]}}