{"id":1028,"date":"2025-07-05T12:56:17","date_gmt":"2025-07-05T10:56:17","guid":{"rendered":"https:\/\/chatshutants.ovh\/?page_id=1028"},"modified":"2025-07-29T10:25:08","modified_gmt":"2025-07-29T08:25:08","slug":"vauban-au-dela-des-murs","status":"publish","type":"page","link":"https:\/\/chatshutants.ovh\/?page_id=1028","title":{"rendered":"Vauban au-del\u00e0 des murs"},"content":{"rendered":"<p><img loading=\"lazy\" decoding=\"async\" class=\"alignleft\" src=\"http:\/\/chatshutants.ovh\/wp-content\/uploads\/2025\/07\/affiche-Vauban-212x300.jpg\" alt=\"\" width=\"394\" height=\"557\" \/><\/p>\n<p>&nbsp;<\/p>\n<p>&nbsp;<\/p>\n<p>&nbsp;<\/p>\n<p>&nbsp;<\/p>\n<p>&nbsp;<\/p>\n<p>&nbsp;<\/p>\n<p>&nbsp;<\/p>\n<p>&nbsp;<\/p>\n<p>&nbsp;<\/p>\n<p>&nbsp;<\/p>\n<p>&nbsp;<\/p>\n<p style=\"font-weight: 400;\"><strong>VAUBAN au-del\u00e0 des murs <\/strong><em>\u00ab <\/em><\/p>\n<p style=\"font-weight: 400;\"><em>Il n\u2019est de richesse que d\u2019hommes&#8221;<\/em><\/p>\n<p style=\"font-weight: 400;\">\u00c9criture et mise en sc\u00e8ne\u00a0: Sylvie Thienot<\/p>\n<ul>\n<li>Serge Albagnac<\/li>\n<li>Sylvia Bonzon<\/li>\n<li>Fran\u00e7oise Enjalbert<\/li>\n<li>Lucas Giard<\/li>\n<li>Cl\u00e9mence Gourlaouen<\/li>\n<li>Christian Krier<\/li>\n<li>Marie-Rose Lef\u00e8vre<\/li>\n<li>Mathieu Madel<\/li>\n<li>Sylvie Thienot<\/li>\n<\/ul>\n<p style=\"font-weight: 400;\">Costumes: Catherine Nicola\u00ef<\/p>\n<p style=\"font-weight: 400;\">Graphisme\u00a0: Val\u00e9rie Gautier<\/p>\n<p style=\"font-weight: 400;\">Musique\u00a0: Francis Montuelle et Sylvie Thienot<\/p>\n<p style=\"font-weight: 400;\">D\u00e9cor: Gurvan K\u00e9rignard<\/p>\n<p style=\"font-weight: 400;\">Au-del\u00e0 des citadelles qu\u2019il a construites ou consolid\u00e9es sur tout le territoire fran\u00e7ais, Vauban s\u2019est comport\u00e9 en gentilhomme profond\u00e9ment humaniste et visionnaire.<\/p>\n<p style=\"font-weight: 400;\">Il \u00e9tait attentif \u00e0 prot\u00e9ger la vie de ses soldats, \u00e0 secourir les paysans affam\u00e9s, \u00e9cras\u00e9s par les imp\u00f4ts mais aussi \u00e0 d\u00e9fendre la libert\u00e9 de culte des protestants pers\u00e9cut\u00e9s suite \u00e0 la d\u00e9cision royale de r\u00e9voquer l\u2019Edit de Nantes.<\/p>\n<p style=\"font-weight: 400;\">Il faudra attendre le si\u00e8cle des Lumi\u00e8res pour que l\u2019id\u00e9e de tol\u00e9rance progresse avec Voltaire. Ce qui pourrait \u00eatre v\u00e9cu comme un paradoxe pour cet honn\u00eate homme \u2013 \u00e0 la fois fid\u00e8le \u00e0 son Roi tout en \u00e9tant soucieux du bien de ses compatriotes &#8211; nous interpelle avec force aujourd\u2019hui.<\/p>\n<p style=\"font-weight: 400;\">La \u00ab\u00a0<em>mise en abyme<\/em>\u00a0\u00bb th\u00e9\u00e2trale permet \u00e0 la troupe de partager avec le public leurs interrogations et d\u2019\u00e9tablir des parall\u00e8les avec l\u2019actualit\u00e9.<\/p>\n<p style=\"font-weight: 400;\"><strong>La pi\u00e8ce est librement inspir\u00e9e du livre d\u2019Alain Monod <\/strong><\/p>\n<p style=\"font-weight: 400;\"><strong>\u00ab\u00a0Vauban ou la mauvaise conscience du Roi\u00a0\u00bb.<\/strong><\/p>\n<p><img loading=\"lazy\" decoding=\"async\" class=\"alignnone size-medium wp-image-1041\" src=\"http:\/\/chatshutants.ovh\/wp-content\/uploads\/2025\/07\/DSC_0571-200x300.jpg\" alt=\"\" width=\"200\" height=\"300\" srcset=\"https:\/\/chatshutants.ovh\/wp-content\/uploads\/2025\/07\/DSC_0571-200x300.jpg 200w, https:\/\/chatshutants.ovh\/wp-content\/uploads\/2025\/07\/DSC_0571-683x1024.jpg 683w, https:\/\/chatshutants.ovh\/wp-content\/uploads\/2025\/07\/DSC_0571-768x1152.jpg 768w, https:\/\/chatshutants.ovh\/wp-content\/uploads\/2025\/07\/DSC_0571-1024x1536.jpg 1024w, https:\/\/chatshutants.ovh\/wp-content\/uploads\/2025\/07\/DSC_0571-1365x2048.jpg 1365w, https:\/\/chatshutants.ovh\/wp-content\/uploads\/2025\/07\/DSC_0571-scaled.jpg 1707w\" sizes=\"auto, (max-width: 200px) 100vw, 200px\" \/><\/p>\n<p>&nbsp;<\/p>\n<p><img loading=\"lazy\" decoding=\"async\" class=\"wp-image-1042 alignnone\" src=\"http:\/\/chatshutants.ovh\/wp-content\/uploads\/2025\/07\/DSC_0583-200x300.jpg\" alt=\"\" width=\"227\" height=\"341\" srcset=\"https:\/\/chatshutants.ovh\/wp-content\/uploads\/2025\/07\/DSC_0583-200x300.jpg 200w, https:\/\/chatshutants.ovh\/wp-content\/uploads\/2025\/07\/DSC_0583-683x1024.jpg 683w, https:\/\/chatshutants.ovh\/wp-content\/uploads\/2025\/07\/DSC_0583-768x1152.jpg 768w, https:\/\/chatshutants.ovh\/wp-content\/uploads\/2025\/07\/DSC_0583-1024x1536.jpg 1024w, https:\/\/chatshutants.ovh\/wp-content\/uploads\/2025\/07\/DSC_0583-1365x2048.jpg 1365w, https:\/\/chatshutants.ovh\/wp-content\/uploads\/2025\/07\/DSC_0583-scaled.jpg 1707w\" sizes=\"auto, (max-width: 227px) 100vw, 227px\" \/> <img loading=\"lazy\" decoding=\"async\" class=\"alignnone wp-image-1043\" src=\"http:\/\/chatshutants.ovh\/wp-content\/uploads\/2025\/07\/DSC_0588-200x300.jpg\" alt=\"\" width=\"227\" height=\"341\" srcset=\"https:\/\/chatshutants.ovh\/wp-content\/uploads\/2025\/07\/DSC_0588-200x300.jpg 200w, https:\/\/chatshutants.ovh\/wp-content\/uploads\/2025\/07\/DSC_0588-683x1024.jpg 683w, https:\/\/chatshutants.ovh\/wp-content\/uploads\/2025\/07\/DSC_0588-768x1152.jpg 768w, https:\/\/chatshutants.ovh\/wp-content\/uploads\/2025\/07\/DSC_0588-1024x1536.jpg 1024w, https:\/\/chatshutants.ovh\/wp-content\/uploads\/2025\/07\/DSC_0588-1365x2048.jpg 1365w, https:\/\/chatshutants.ovh\/wp-content\/uploads\/2025\/07\/DSC_0588-scaled.jpg 1707w\" sizes=\"auto, (max-width: 227px) 100vw, 227px\" \/><\/p>\n<p><img loading=\"lazy\" decoding=\"async\" class=\"size-medium wp-image-1044 alignnone\" src=\"http:\/\/chatshutants.ovh\/wp-content\/uploads\/2025\/07\/DSC_0591-300x200.jpg\" alt=\"\" width=\"300\" height=\"200\" srcset=\"https:\/\/chatshutants.ovh\/wp-content\/uploads\/2025\/07\/DSC_0591-300x200.jpg 300w, https:\/\/chatshutants.ovh\/wp-content\/uploads\/2025\/07\/DSC_0591-1024x683.jpg 1024w, https:\/\/chatshutants.ovh\/wp-content\/uploads\/2025\/07\/DSC_0591-768x512.jpg 768w, https:\/\/chatshutants.ovh\/wp-content\/uploads\/2025\/07\/DSC_0591-1536x1024.jpg 1536w, https:\/\/chatshutants.ovh\/wp-content\/uploads\/2025\/07\/DSC_0591-2048x1365.jpg 2048w\" sizes=\"auto, (max-width: 300px) 100vw, 300px\" \/> <img loading=\"lazy\" decoding=\"async\" class=\"alignnone size-medium wp-image-1045\" src=\"http:\/\/chatshutants.ovh\/wp-content\/uploads\/2025\/07\/DSC_0605-300x200.jpg\" alt=\"\" width=\"300\" height=\"200\" srcset=\"https:\/\/chatshutants.ovh\/wp-content\/uploads\/2025\/07\/DSC_0605-300x200.jpg 300w, https:\/\/chatshutants.ovh\/wp-content\/uploads\/2025\/07\/DSC_0605-1024x683.jpg 1024w, https:\/\/chatshutants.ovh\/wp-content\/uploads\/2025\/07\/DSC_0605-768x512.jpg 768w, https:\/\/chatshutants.ovh\/wp-content\/uploads\/2025\/07\/DSC_0605-1536x1024.jpg 1536w, https:\/\/chatshutants.ovh\/wp-content\/uploads\/2025\/07\/DSC_0605-2048x1365.jpg 2048w\" sizes=\"auto, (max-width: 300px) 100vw, 300px\" \/> <img loading=\"lazy\" decoding=\"async\" class=\"alignnone size-medium wp-image-1046\" src=\"http:\/\/chatshutants.ovh\/wp-content\/uploads\/2025\/07\/DSC_0610-300x200.jpg\" alt=\"\" width=\"300\" height=\"200\" srcset=\"https:\/\/chatshutants.ovh\/wp-content\/uploads\/2025\/07\/DSC_0610-300x200.jpg 300w, https:\/\/chatshutants.ovh\/wp-content\/uploads\/2025\/07\/DSC_0610-1024x683.jpg 1024w, https:\/\/chatshutants.ovh\/wp-content\/uploads\/2025\/07\/DSC_0610-768x512.jpg 768w, https:\/\/chatshutants.ovh\/wp-content\/uploads\/2025\/07\/DSC_0610-1536x1024.jpg 1536w, https:\/\/chatshutants.ovh\/wp-content\/uploads\/2025\/07\/DSC_0610-2048x1365.jpg 2048w\" sizes=\"auto, (max-width: 300px) 100vw, 300px\" \/> <img loading=\"lazy\" decoding=\"async\" class=\"alignnone size-medium wp-image-1047\" src=\"http:\/\/chatshutants.ovh\/wp-content\/uploads\/2025\/07\/DSC_0632-300x207.jpg\" alt=\"\" width=\"300\" height=\"207\" srcset=\"https:\/\/chatshutants.ovh\/wp-content\/uploads\/2025\/07\/DSC_0632-300x207.jpg 300w, https:\/\/chatshutants.ovh\/wp-content\/uploads\/2025\/07\/DSC_0632-1024x705.jpg 1024w, https:\/\/chatshutants.ovh\/wp-content\/uploads\/2025\/07\/DSC_0632-768x529.jpg 768w, https:\/\/chatshutants.ovh\/wp-content\/uploads\/2025\/07\/DSC_0632-1536x1058.jpg 1536w, https:\/\/chatshutants.ovh\/wp-content\/uploads\/2025\/07\/DSC_0632-2048x1410.jpg 2048w\" sizes=\"auto, (max-width: 300px) 100vw, 300px\" \/> <img loading=\"lazy\" decoding=\"async\" class=\"alignnone size-medium wp-image-1048\" src=\"http:\/\/chatshutants.ovh\/wp-content\/uploads\/2025\/07\/DSC_0645-300x200.jpg\" alt=\"\" width=\"300\" height=\"200\" srcset=\"https:\/\/chatshutants.ovh\/wp-content\/uploads\/2025\/07\/DSC_0645-300x200.jpg 300w, https:\/\/chatshutants.ovh\/wp-content\/uploads\/2025\/07\/DSC_0645-1024x683.jpg 1024w, https:\/\/chatshutants.ovh\/wp-content\/uploads\/2025\/07\/DSC_0645-768x512.jpg 768w, https:\/\/chatshutants.ovh\/wp-content\/uploads\/2025\/07\/DSC_0645-1536x1024.jpg 1536w, https:\/\/chatshutants.ovh\/wp-content\/uploads\/2025\/07\/DSC_0645-2048x1365.jpg 2048w\" sizes=\"auto, (max-width: 300px) 100vw, 300px\" \/> <img loading=\"lazy\" decoding=\"async\" class=\"alignnone size-medium wp-image-1049\" src=\"http:\/\/chatshutants.ovh\/wp-content\/uploads\/2025\/07\/DSC_0651-300x200.jpg\" alt=\"\" width=\"300\" height=\"200\" srcset=\"https:\/\/chatshutants.ovh\/wp-content\/uploads\/2025\/07\/DSC_0651-300x200.jpg 300w, https:\/\/chatshutants.ovh\/wp-content\/uploads\/2025\/07\/DSC_0651-1024x683.jpg 1024w, https:\/\/chatshutants.ovh\/wp-content\/uploads\/2025\/07\/DSC_0651-768x512.jpg 768w, https:\/\/chatshutants.ovh\/wp-content\/uploads\/2025\/07\/DSC_0651-1536x1024.jpg 1536w, https:\/\/chatshutants.ovh\/wp-content\/uploads\/2025\/07\/DSC_0651-2048x1365.jpg 2048w\" sizes=\"auto, (max-width: 300px) 100vw, 300px\" \/> <img loading=\"lazy\" decoding=\"async\" class=\"alignnone size-medium wp-image-1050\" src=\"http:\/\/chatshutants.ovh\/wp-content\/uploads\/2025\/07\/DSC_0654-300x200.jpg\" alt=\"\" width=\"300\" height=\"200\" srcset=\"https:\/\/chatshutants.ovh\/wp-content\/uploads\/2025\/07\/DSC_0654-300x200.jpg 300w, https:\/\/chatshutants.ovh\/wp-content\/uploads\/2025\/07\/DSC_0654-1024x683.jpg 1024w, https:\/\/chatshutants.ovh\/wp-content\/uploads\/2025\/07\/DSC_0654-768x512.jpg 768w, https:\/\/chatshutants.ovh\/wp-content\/uploads\/2025\/07\/DSC_0654-1536x1024.jpg 1536w, https:\/\/chatshutants.ovh\/wp-content\/uploads\/2025\/07\/DSC_0654-2048x1365.jpg 2048w\" sizes=\"auto, (max-width: 300px) 100vw, 300px\" \/><\/p>\n<p>&nbsp;<\/p>\n","protected":false},"excerpt":{"rendered":"<p>&nbsp; &nbsp; &nbsp; &nbsp; &nbsp; &nbsp; &nbsp; &nbsp; &nbsp; &nbsp; &nbsp; VAUBAN au-del\u00e0 des murs \u00ab Il n\u2019est de richesse que d\u2019hommes&#8221; \u00c9criture et mise en sc\u00e8ne\u00a0: Sylvie Thienot Serge Albagnac Sylvia Bonzon Fran\u00e7oise Enjalbert Lucas Giard Cl\u00e9mence Gourlaouen Christian Krier Marie-Rose Lef\u00e8vre Mathieu Madel Sylvie Thienot Costumes: Catherine Nicola\u00ef Graphisme\u00a0: Val\u00e9rie Gautier Musique\u00a0: Francis &hellip; <\/p>\n<p class=\"link-more\"><a href=\"https:\/\/chatshutants.ovh\/?page_id=1028\" class=\"more-link\">Continue reading<span class=\"screen-reader-text\"> &#8220;Vauban au-del\u00e0 des murs&#8221;<\/span><\/a><\/p>\n","protected":false},"author":1,"featured_media":0,"parent":0,"menu_order":0,"comment_status":"closed","ping_status":"closed","template":"","meta":{"footnotes":""},"class_list":["post-1028","page","type-page","status-publish","hentry"],"_links":{"self":[{"href":"https:\/\/chatshutants.ovh\/index.php?rest_route=\/wp\/v2\/pages\/1028","targetHints":{"allow":["GET"]}}],"collection":[{"href":"https:\/\/chatshutants.ovh\/index.php?rest_route=\/wp\/v2\/pages"}],"about":[{"href":"https:\/\/chatshutants.ovh\/index.php?rest_route=\/wp\/v2\/types\/page"}],"author":[{"embeddable":true,"href":"https:\/\/chatshutants.ovh\/index.php?rest_route=\/wp\/v2\/users\/1"}],"replies":[{"embeddable":true,"href":"https:\/\/chatshutants.ovh\/index.php?rest_route=%2Fwp%2Fv2%2Fcomments&post=1028"}],"version-history":[{"count":10,"href":"https:\/\/chatshutants.ovh\/index.php?rest_route=\/wp\/v2\/pages\/1028\/revisions"}],"predecessor-version":[{"id":1053,"href":"https:\/\/chatshutants.ovh\/index.php?rest_route=\/wp\/v2\/pages\/1028\/revisions\/1053"}],"wp:attachment":[{"href":"https:\/\/chatshutants.ovh\/index.php?rest_route=%2Fwp%2Fv2%2Fmedia&parent=1028"}],"curies":[{"name":"wp","href":"https:\/\/api.w.org\/{rel}","templated":true}]}}