{"id":101,"date":"2021-03-16T19:02:15","date_gmt":"2021-03-16T18:02:15","guid":{"rendered":"http:\/\/chatshutants.ovh\/?page_id=101"},"modified":"2021-10-17T12:43:37","modified_gmt":"2021-10-17T10:43:37","slug":"la-troupe-des-chats-hutants","status":"publish","type":"page","link":"https:\/\/chatshutants.ovh\/?page_id=101","title":{"rendered":"La troupe des Chats Hutants"},"content":{"rendered":"<p><img loading=\"lazy\" decoding=\"async\" class=\"alignnone size-medium wp-image-353\" src=\"http:\/\/chatshutants.ovh\/wp-content\/uploads\/2021\/10\/cropped-cropped-0th26-300x226.jpg\" alt=\"La troupe pr\u00e9parant le spectacle &quot;Miche et Drate: dialogues au bord du monde&quot;\" width=\"300\" height=\"226\" srcset=\"https:\/\/chatshutants.ovh\/wp-content\/uploads\/2021\/10\/cropped-cropped-0th26-300x226.jpg 300w, https:\/\/chatshutants.ovh\/wp-content\/uploads\/2021\/10\/cropped-cropped-0th26-1024x772.jpg 1024w, https:\/\/chatshutants.ovh\/wp-content\/uploads\/2021\/10\/cropped-cropped-0th26-768x579.jpg 768w, https:\/\/chatshutants.ovh\/wp-content\/uploads\/2021\/10\/cropped-cropped-0th26-1536x1158.jpg 1536w, https:\/\/chatshutants.ovh\/wp-content\/uploads\/2021\/10\/cropped-cropped-0th26.jpg 2000w\" sizes=\"auto, (max-width: 300px) 100vw, 300px\" \/><\/p>\n<p>La troupe avec Ivanka Polchenko \u00e0 l&#8217;accord\u00e9on<\/p>\n<p><img loading=\"lazy\" decoding=\"async\" class=\"alignnone size-medium wp-image-199\" src=\"http:\/\/chatshutants.ovh\/wp-content\/uploads\/2021\/03\/cropped-DSC02101-2-scaled-1-300x200.jpg\" alt=\"\" width=\"300\" height=\"200\" srcset=\"https:\/\/chatshutants.ovh\/wp-content\/uploads\/2021\/03\/cropped-DSC02101-2-scaled-1-300x200.jpg 300w, https:\/\/chatshutants.ovh\/wp-content\/uploads\/2021\/03\/cropped-DSC02101-2-scaled-1-1024x683.jpg 1024w, https:\/\/chatshutants.ovh\/wp-content\/uploads\/2021\/03\/cropped-DSC02101-2-scaled-1-768x512.jpg 768w, https:\/\/chatshutants.ovh\/wp-content\/uploads\/2021\/03\/cropped-DSC02101-2-scaled-1-1536x1025.jpg 1536w, https:\/\/chatshutants.ovh\/wp-content\/uploads\/2021\/03\/cropped-DSC02101-2-scaled-1.jpg 2000w\" sizes=\"auto, (max-width: 300px) 100vw, 300px\" \/><\/p>\n<p>La troupe avec Catherine Nicola\u00ef \u00e0 l&#8217;accord\u00e9on et Cl\u00e9o<\/p>\n<p><img loading=\"lazy\" decoding=\"async\" class=\"alignnone size-medium wp-image-403\" src=\"http:\/\/chatshutants.ovh\/wp-content\/uploads\/2021\/10\/IMG_20200314_1448157-300x225.jpg\" alt=\"\" width=\"300\" height=\"225\" srcset=\"https:\/\/chatshutants.ovh\/wp-content\/uploads\/2021\/10\/IMG_20200314_1448157-300x225.jpg 300w, https:\/\/chatshutants.ovh\/wp-content\/uploads\/2021\/10\/IMG_20200314_1448157-768x576.jpg 768w, https:\/\/chatshutants.ovh\/wp-content\/uploads\/2021\/10\/IMG_20200314_1448157.jpg 1024w\" sizes=\"auto, (max-width: 300px) 100vw, 300px\" \/><\/p>\n<p>La troupe avec Delphine Ducret<\/p>\n","protected":false},"excerpt":{"rendered":"<p>La troupe avec Ivanka Polchenko \u00e0 l&#8217;accord\u00e9on La troupe avec Catherine Nicola\u00ef \u00e0 l&#8217;accord\u00e9on et Cl\u00e9o La troupe avec Delphine Ducret<\/p>\n","protected":false},"author":1,"featured_media":375,"parent":223,"menu_order":0,"comment_status":"closed","ping_status":"closed","template":"elementor_header_footer","meta":{"footnotes":""},"class_list":["post-101","page","type-page","status-publish","has-post-thumbnail","hentry"],"_links":{"self":[{"href":"https:\/\/chatshutants.ovh\/index.php?rest_route=\/wp\/v2\/pages\/101","targetHints":{"allow":["GET"]}}],"collection":[{"href":"https:\/\/chatshutants.ovh\/index.php?rest_route=\/wp\/v2\/pages"}],"about":[{"href":"https:\/\/chatshutants.ovh\/index.php?rest_route=\/wp\/v2\/types\/page"}],"author":[{"embeddable":true,"href":"https:\/\/chatshutants.ovh\/index.php?rest_route=\/wp\/v2\/users\/1"}],"replies":[{"embeddable":true,"href":"https:\/\/chatshutants.ovh\/index.php?rest_route=%2Fwp%2Fv2%2Fcomments&post=101"}],"version-history":[{"count":3,"href":"https:\/\/chatshutants.ovh\/index.php?rest_route=\/wp\/v2\/pages\/101\/revisions"}],"predecessor-version":[{"id":404,"href":"https:\/\/chatshutants.ovh\/index.php?rest_route=\/wp\/v2\/pages\/101\/revisions\/404"}],"up":[{"embeddable":true,"href":"https:\/\/chatshutants.ovh\/index.php?rest_route=\/wp\/v2\/pages\/223"}],"wp:featuredmedia":[{"embeddable":true,"href":"https:\/\/chatshutants.ovh\/index.php?rest_route=\/wp\/v2\/media\/375"}],"wp:attachment":[{"href":"https:\/\/chatshutants.ovh\/index.php?rest_route=%2Fwp%2Fv2%2Fmedia&parent=101"}],"curies":[{"name":"wp","href":"https:\/\/api.w.org\/{rel}","templated":true}]}}